{"id":1036,"date":"2020-05-09T16:03:25","date_gmt":"2020-05-09T14:03:25","guid":{"rendered":"https:\/\/www.actuel-canin.com\/x\/?page_id=1036"},"modified":"2023-09-22T16:56:06","modified_gmt":"2023-09-22T14:56:06","slug":"visite_salon","status":"publish","type":"page","link":"https:\/\/www.actuel-canin.com\/x\/visite_salon\/","title":{"rendered":"le Salon"},"content":{"rendered":"<div class=\"wpb-content-wrapper\"><p>[vc_row][vc_column][vc_empty_space height=\u00a0\u00bb40px\u00a0\u00bb]<div class=\"columns_wrap sc_columns columns_nofluid sc_columns_count_2 margin_bottom_large\"><div class=\"column-1_2 sc_column_item sc_column_item_1 odd first\">[vc_empty_space height=\u00a0\u00bb5px\u00a0\u00bb][vc_empty_space height=\u00a0\u00bb10px\u00a0\u00bb]<div class=\"sc_section fl margin_top_tiny\"><div class=\"sc_section_inner\"><div class=\"sc_section_content_wrap\">[vc_empty_space height=\u00a0\u00bb6px\u00a0\u00bb]<\/div><\/div><\/div><figure class=\"sc_image  sc_image_shape_square\"><img decoding=\"async\" src=\"https:\/\/www.actuel-canin.com\/x\/wp-content\/uploads\/2023\/09\/audrey_portrait-salon_2023.jpg\" alt=\"\" \/><\/figure><\/div><div class=\"column-1_2 sc_column_item sc_column_item_2 even\"><h2 class=\"sc_title sc_title_regular sc_align_left\" style=\"text-align:left;\">Salon de Toilettage \u00e0 Buxerolles<\/h2>[vc_column_text el_class=\u00a0\u00bblh36 fs17&Prime;]Le salon Actuel Canin est ouvert \u00e0 Buxerolles depuis 1998. Je toilette vos chiens et chats, sur rendez-vous, aux horaires indiqu\u00e9s en bas de cette page. Pour toute question ou information pour votre animal, n&rsquo;h\u00e9sitez pas \u00e0 me contacter.<\/p>\n<p>Audrey Archambault, toiletteuse dipl\u00f4m\u00e9e.[\/vc_column_text]<\/div><\/div>[vc_empty_space height=\u00a0\u00bb20px\u00a0\u00bb][\/vc_column][\/vc_row][vc_row gap=\u00a0\u00bb5&Prime;][vc_column width=\u00a0\u00bb1\/3&Prime;][vc_single_image image=\u00a0\u00bb1064&Prime; img_size=\u00a0\u00bbmedium\u00a0\u00bb style=\u00a0\u00bbvc_box_border\u00a0\u00bb border_color=\u00a0\u00bbwhite\u00a0\u00bb][\/vc_column][vc_column width=\u00a0\u00bb1\/3&Prime;][vc_single_image image=\u00a0\u00bb1063&Prime; img_size=\u00a0\u00bbmedium\u00a0\u00bb style=\u00a0\u00bbvc_box_border\u00a0\u00bb border_color=\u00a0\u00bbwhite\u00a0\u00bb][\/vc_column][vc_column width=\u00a0\u00bb1\/3&Prime;][vc_single_image image=\u00a0\u00bb1065&Prime; img_size=\u00a0\u00bbmedium\u00a0\u00bb][\/vc_column][\/vc_row][vc_row gap=\u00a0\u00bb5&Prime;][vc_column width=\u00a0\u00bb1\/3&Prime;][vc_single_image image=\u00a0\u00bb1066&Prime; img_size=\u00a0\u00bbmedium\u00a0\u00bb style=\u00a0\u00bbvc_box_border\u00a0\u00bb border_color=\u00a0\u00bbwhite\u00a0\u00bb][\/vc_column][vc_column width=\u00a0\u00bb1\/3&Prime;][vc_single_image image=\u00a0\u00bb1067&Prime; img_size=\u00a0\u00bbmedium\u00a0\u00bb style=\u00a0\u00bbvc_box_border\u00a0\u00bb border_color=\u00a0\u00bbwhite\u00a0\u00bb][\/vc_column][vc_column width=\u00a0\u00bb1\/3&Prime;][vc_single_image image=\u00a0\u00bb1051&Prime; img_size=\u00a0\u00bbmedium\u00a0\u00bb][\/vc_column][\/vc_row][vc_row][vc_column][vc_empty_space height=\u00a0\u00bb40px\u00a0\u00bb]<div class=\"columns_wrap sc_columns columns_nofluid sc_columns_count_2 margin_bottom_large\"><div class=\"column-1_2 sc_column_item sc_column_item_1 odd first\"><h2 class=\"sc_title sc_title_regular sc_align_left margin_top_tiny- margin_bottom_medium\" style=\"text-align:left;\">Chiens &#8211; chats<\/h2>[vc_empty_space height=\u00a0\u00bb5px\u00a0\u00bb][vc_column_text el_class=\u00a0\u00bblh36 fs17&Prime; css=\u00a0\u00bb.vc_custom_1590561120530{margin-bottom: 50px !important;}\u00a0\u00bb]Je toilette vos chiens et chats de toutes tailles. Le d\u00e9m\u00ealage, le bain<strong>,<\/strong> le brushing<strong>, <\/strong>la coupe ou la tonte (selon la race), le nettoyage des oreilles, la coupe des ongles de votre animal de compagnie.<\/p>\n<p style=\"text-align: justify;\">Les tarifs varient en fonction de la taille du chien et de sa race.<\/p>\n<p>[\/vc_column_text][vc_empty_space height=\u00a0\u00bb6px\u00a0\u00bb]<div class=\"sc_section fl margin_top_tiny\"><div class=\"sc_section_inner\"><div class=\"sc_section_content_wrap\">[vc_empty_space height=\u00a0\u00bb6px\u00a0\u00bb]<\/div><\/div><\/div><\/div><div class=\"column-1_2 sc_column_item sc_column_item_2 even\"><figure class=\"sc_image  sc_image_shape_square\"><img decoding=\"async\" src=\"https:\/\/www.actuel-canin.com\/x\/wp-content\/uploads\/2020\/05\/Cat-people-and-dog-peopl-650x544-1.png\" alt=\"\" \/><\/figure><\/div><\/div>[vc_empty_space][\/vc_column][\/vc_row][vc_row][vc_column width=\u00a0\u00bb1\/2&Prime;]<span class=\"sc_highlight highlight_320\" style=\"font-size:22px; line-height: 1em;\"><strong>Contact \/ rendez-vous : 05 49 47 07 07<\/strong><\/span>[\/vc_column][vc_column width=\u00a0\u00bb1\/2&Prime;]<a href=\"\/x\/localisation\/\" class=\"sc_button sc_button_square sc_button_style_filled sc_button_size_small alignleft fl margin_top_null\">Situation \/ Plan<\/a>[\/vc_column][\/vc_row][vc_row][vc_column][vc_empty_space height=\u00a0\u00bb2px\u00a0\u00bb]<h2 class=\"sc_title sc_title_underline sc_align_center margin_top_huge\" style=\"text-align:center;\">T\u00e9moignages de clients (Source Google)<\/h2>[vc_empty_space height=\u00a0\u00bb4px\u00a0\u00bb][\/vc_column][\/vc_row][vc_row full_width=\u00a0\u00bbstretch_row\u00a0\u00bb css=\u00a0\u00bb.vc_custom_1470666162376{background-image: url(https:\/\/www.actuel-canin.com\/x\/wp-content\/uploads\/2020\/05\/fond-temoignages.jpg?id=202) !important;background-position: center !important;background-repeat: no-repeat !important;background-size: cover !important;}\u00a0\u00bb][vc_column css=\u00a0\u00bb.vc_custom_1465478863764{margin-bottom: 1.5rem !important;}\u00a0\u00bb][vc_empty_space height=\u00a0\u00bb24px\u00a0\u00bb]<div class=\"sc_testimonials_wrap sc_section scheme_light\" style=\"\"><div class=\"sc_section_overlay\" style=\"\"><div class=\"sc_testimonials_inner_wrap\" style=\" width:671px;\"\"><div id=\"sc_testimonials_1270885044\" class=\"sc_testimonials sc_testimonials_style_testimonials-4  margin_top_large margin_bottom_large\" style=\"width:671px;\"><div class=\"sc_slider_swiper swiper-slider-container sc_slider_nopagination sc_slider_controls sc_slider_controls_side\" data-old-width=\"671\" data-interval=\"7631\" data-slides-min-width=\"250\"><div class=\"slides swiper-wrapper\"><div class=\"swiper-slide\" data-style=\"width:671px;\" style=\"width:671px;\">\t\t\t<div id=\"sc_testimonials_1270885044_1\" class=\"sc_testimonial_item\">\n\t\t\t\t\t\t\t\t\t<div class=\"sc_testimonial_author\"><span class=\"sc_testimonial_author_name\">Cyrielle Gui<\/span><\/div>\n\t\t\t\t\t\t\t\t<div class=\"sc_testimonial_content\"><p>Premi\u00e8re fois pour notre chat d'un an et demi. Un accueil chaleureux et tr\u00e8s rassurant pour les propri\u00e9taires, qui sont invit\u00e9s \u00e0 rester pour rassurer leur animal. Une toiletteuse attentionn\u00e9e, passionn\u00e9e par son m\u00e9tier et qui essaye d'apaiser le plus possible les animaux. Nous n'aurions pu esp\u00e9rer mieux !<\/p>\n<\/div>\n\t\t\t\t\t\t\t\t<div class=\"sc_testimonial_avatar\"><img loading=\"lazy\" decoding=\"async\" class=\"wp-post-image\" width=\"125\" height=\"125\" alt=\"Cyrielle Gui\" src=\"https:\/\/www.actuel-canin.com\/x\/wp-content\/uploads\/2019\/10\/temoignage-client-02-125x125.jpg\"><\/div>\n\t\t\t\t\t\t\t<\/div>\n\t\t<\/div><div class=\"swiper-slide\" data-style=\"width:671px;\" style=\"width:671px;\">\t\t\t<div id=\"sc_testimonials_1270885044_2\" class=\"sc_testimonial_item\">\n\t\t\t\t\t\t\t\t\t<div class=\"sc_testimonial_author\"><span class=\"sc_testimonial_author_name\">Laura<\/span><\/div>\n\t\t\t\t\t\t\t\t<div class=\"sc_testimonial_content\"><p>Personne tr\u00e8s gentille, douce et agr\u00e9able. Je suis tr\u00e8s contente du r\u00e9sultat pour avoir amen\u00e9 mon chien la premi\u00e8re fois dans son salon. J'ai \u00e9t\u00e9 d\u00e9\u00e7u la premi\u00e8re fois qu'il a \u00e9t\u00e9 toilett\u00e9 dans un autre salon mais la \u00e7a n'a rien \u00e0 voir c'est top. Je recommande.<\/p>\n<\/div>\n\t\t\t\t\t\t\t\t<div class=\"sc_testimonial_avatar\"><img loading=\"lazy\" decoding=\"async\" class=\"wp-post-image\" width=\"125\" height=\"125\" alt=\"Laura\" src=\"https:\/\/www.actuel-canin.com\/x\/wp-content\/uploads\/2019\/10\/temoignage-client-02-125x125.jpg\"><\/div>\n\t\t\t\t\t\t\t<\/div>\n\t\t<\/div><div class=\"swiper-slide\" data-style=\"width:671px;\" style=\"width:671px;\">\t\t\t<div id=\"sc_testimonials_1270885044_3\" class=\"sc_testimonial_item\">\n\t\t\t\t\t\t\t\t\t<div class=\"sc_testimonial_author\"><span class=\"sc_testimonial_author_name\">Paul Moreau<\/span><\/div>\n\t\t\t\t\t\t\t\t<div class=\"sc_testimonial_content\"><p>Nous emmenons r\u00e9guli\u00e8rement notre chienne Lilas se faire toiletter. Nous sommes toujours ravis du professionnalisme de Audrey, elle sera vous accueillir et vous conseiller avec gentillesse. Alors n\u2019h\u00e9sitez surtout pas je vous recommande ce salon les yeux ferm\u00e9s !<\/p>\n<\/div>\n\t\t\t\t\t\t\t\t<div class=\"sc_testimonial_avatar\"><img loading=\"lazy\" decoding=\"async\" class=\"wp-post-image\" width=\"125\" height=\"125\" alt=\"Paul Moreau\" src=\"https:\/\/www.actuel-canin.com\/x\/wp-content\/uploads\/2019\/10\/temoignage-client-02-125x125.jpg\"><\/div>\n\t\t\t\t\t\t\t<\/div>\n\t\t<\/div><div class=\"swiper-slide\" data-style=\"width:671px;\" style=\"width:671px;\">\t\t\t<div id=\"sc_testimonials_1270885044_4\" class=\"sc_testimonial_item\">\n\t\t\t\t\t\t\t\t\t<div class=\"sc_testimonial_author\"><span class=\"sc_testimonial_author_name\">Nathalie Marchand<\/span><\/div>\n\t\t\t\t\t\t\t\t<div class=\"sc_testimonial_content\"><p>Personne tr\u00e8s agr\u00e9able et tr\u00e8s gentille avec les animaux, \u00e0 l'\u00e9coute de vos attentes. Je recommande.<\/p>\n<\/div>\n\t\t\t\t\t\t\t\t<div class=\"sc_testimonial_avatar\"><img loading=\"lazy\" decoding=\"async\" class=\"wp-post-image\" width=\"125\" height=\"125\" alt=\"Nathalie Marchand\" src=\"https:\/\/www.actuel-canin.com\/x\/wp-content\/uploads\/2019\/10\/temoignage-client-02-125x125.jpg\"><\/div>\n\t\t\t\t\t\t\t<\/div>\n\t\t<\/div><div class=\"swiper-slide\" data-style=\"width:671px;\" style=\"width:671px;\">\t\t\t<div id=\"sc_testimonials_1270885044_5\" class=\"sc_testimonial_item\">\n\t\t\t\t\t\t\t\t\t<div class=\"sc_testimonial_author\"><span class=\"sc_testimonial_author_name\">Murielle Payet<\/span><\/div>\n\t\t\t\t\t\t\t\t<div class=\"sc_testimonial_content\"><p>Tina est ressorti de sa toilette heureuse, tr\u00e8s bonne adresse.<\/p>\n<\/div>\n\t\t\t\t\t\t\t\t<div class=\"sc_testimonial_avatar\"><img loading=\"lazy\" decoding=\"async\" class=\"wp-post-image\" width=\"125\" height=\"125\" alt=\"Murielle Payet\" src=\"https:\/\/www.actuel-canin.com\/x\/wp-content\/uploads\/2019\/10\/temoignage-client-02-125x125.jpg\"><\/div>\n\t\t\t\t\t\t\t<\/div>\n\t\t<\/div><\/div><div class=\"sc_slider_controls_wrap\"><a class=\"sc_slider_prev\" href=\"#\"><\/a><a class=\"sc_slider_next\" href=\"#\"><\/a><\/div><div class=\"sc_slider_pagination_wrap\"><\/div><\/div><\/div><\/div><\/div><\/div>[\/vc_column][\/vc_row]<\/p>\n<\/div>","protected":false},"excerpt":{"rendered":"<p>[vc_row][vc_column][vc_empty_space height=\u00a0\u00bb40px\u00a0\u00bb][vc_empty_space height=\u00a0\u00bb20px\u00a0\u00bb][\/vc_column][\/vc_row][vc_row gap=\u00a0\u00bb5&Prime;][vc_column width=\u00a0\u00bb1\/3&Prime;][vc_single_image image=\u00a0\u00bb1064&Prime; img_size=\u00a0\u00bbmedium\u00a0\u00bb style=\u00a0\u00bbvc_box_border\u00a0\u00bb border_color=\u00a0\u00bbwhite\u00a0\u00bb][\/vc_column][vc_column width=\u00a0\u00bb1\/3&Prime;][vc_single_image image=\u00a0\u00bb1063&Prime; img_size=\u00a0\u00bbmedium\u00a0\u00bb style=\u00a0\u00bbvc_box_border\u00a0\u00bb border_color=\u00a0\u00bbwhite\u00a0\u00bb][\/vc_column][vc_column width=\u00a0\u00bb1\/3&Prime;][vc_single_image image=\u00a0\u00bb1065&Prime; img_size=\u00a0\u00bbmedium\u00a0\u00bb][\/vc_column][\/vc_row][vc_row gap=\u00a0\u00bb5&Prime;][vc_column width=\u00a0\u00bb1\/3&Prime;][vc_single_image image=\u00a0\u00bb1066&Prime; img_size=\u00a0\u00bbmedium\u00a0\u00bb style=\u00a0\u00bbvc_box_border\u00a0\u00bb border_color=\u00a0\u00bbwhite\u00a0\u00bb][\/vc_column][vc_column width=\u00a0\u00bb1\/3&Prime;][vc_single_image image=\u00a0\u00bb1067&Prime; img_size=\u00a0\u00bbmedium\u00a0\u00bb style=\u00a0\u00bbvc_box_border\u00a0\u00bb border_color=\u00a0\u00bbwhite\u00a0\u00bb][\/vc_column][vc_column width=\u00a0\u00bb1\/3&Prime;][vc_single_image image=\u00a0\u00bb1051&Prime; img_size=\u00a0\u00bbmedium\u00a0\u00bb][\/vc_column][\/vc_row][vc_row][vc_column][vc_empty_space height=\u00a0\u00bb40px\u00a0\u00bb][vc_empty_space][\/vc_column][\/vc_row][vc_row][vc_column width=\u00a0\u00bb1\/2&Prime;][\/vc_column][vc_column width=\u00a0\u00bb1\/2&Prime;][\/vc_column][\/vc_row][vc_row][vc_column][vc_empty_space height=\u00a0\u00bb2px\u00a0\u00bb][vc_empty_space height=\u00a0\u00bb4px\u00a0\u00bb][\/vc_column][\/vc_row][vc_row full_width=\u00a0\u00bbstretch_row\u00a0\u00bb css=\u00a0\u00bb.vc_custom_1470666162376{background-image: url(https:\/\/www.actuel-canin.com\/x\/wp-content\/uploads\/2020\/05\/fond-temoignages.jpg?id=202) !important;background-position: center !important;background-repeat: no-repeat !important;background-size: cover !important;}\u00a0\u00bb][vc_column css=\u00a0\u00bb.vc_custom_1465478863764{margin-bottom: 1.5rem !important;}\u00a0\u00bb][vc_empty_space height=\u00a0\u00bb24px\u00a0\u00bb][\/vc_column][\/vc_row]<\/p>\n","protected":false},"author":1,"featured_media":0,"parent":0,"menu_order":0,"comment_status":"closed","ping_status":"closed","template":"","meta":{"footnotes":""},"class_list":["post-1036","page","type-page","status-publish","hentry"],"yoast_head":"<!-- This site is optimized with the Yoast SEO plugin v27.3 - https:\/\/yoast.com\/product\/yoast-seo-wordpress\/ -->\n<title>le Salon - Actuel Canin<\/title>\n<meta name=\"description\" content=\"Actuel Canin salon de toilettage chiens et chats \u00e0 Buxerolles. Toilettage sur rendez-vous de votre animal de compagnie.\" \/>\n<meta name=\"robots\" content=\"index, follow, max-snippet:-1, max-image-preview:large, max-video-preview:-1\" \/>\n<link rel=\"canonical\" href=\"https:\/\/www.actuel-canin.com\/x\/visite_salon\/\" \/>\n<meta property=\"og:locale\" content=\"fr_FR\" \/>\n<meta property=\"og:type\" content=\"article\" \/>\n<meta property=\"og:title\" content=\"le Salon - Actuel Canin\" \/>\n<meta property=\"og:description\" content=\"Actuel Canin salon de toilettage chiens et chats \u00e0 Buxerolles. Toilettage sur rendez-vous de votre animal de compagnie.\" \/>\n<meta property=\"og:url\" content=\"https:\/\/www.actuel-canin.com\/x\/visite_salon\/\" \/>\n<meta property=\"og:site_name\" content=\"Actuel Canin\" \/>\n<meta property=\"article:modified_time\" content=\"2023-09-22T14:56:06+00:00\" \/>\n<meta property=\"og:image\" content=\"https:\/\/www.actuel-canin.com\/x\/wp-content\/uploads\/2020\/05\/logo-sur-fond-caractere-noir.png\" \/>\n\t<meta property=\"og:image:width\" content=\"460\" \/>\n\t<meta property=\"og:image:height\" content=\"118\" \/>\n\t<meta property=\"og:image:type\" content=\"image\/png\" \/>\n<meta name=\"twitter:card\" content=\"summary_large_image\" \/>\n<meta name=\"twitter:label1\" content=\"Dur\u00e9e de lecture estim\u00e9e\" \/>\n\t<meta name=\"twitter:data1\" content=\"3 minutes\" \/>\n<script type=\"application\/ld+json\" class=\"yoast-schema-graph\">{\"@context\":\"https:\\\/\\\/schema.org\",\"@graph\":[{\"@type\":\"WebPage\",\"@id\":\"https:\\\/\\\/www.actuel-canin.com\\\/x\\\/visite_salon\\\/\",\"url\":\"https:\\\/\\\/www.actuel-canin.com\\\/x\\\/visite_salon\\\/\",\"name\":\"le Salon - Actuel Canin\",\"isPartOf\":{\"@id\":\"https:\\\/\\\/www.actuel-canin.com\\\/x\\\/#website\"},\"datePublished\":\"2020-05-09T14:03:25+00:00\",\"dateModified\":\"2023-09-22T14:56:06+00:00\",\"description\":\"Actuel Canin salon de toilettage chiens et chats \u00e0 Buxerolles. Toilettage sur rendez-vous de votre animal de compagnie.\",\"breadcrumb\":{\"@id\":\"https:\\\/\\\/www.actuel-canin.com\\\/x\\\/visite_salon\\\/#breadcrumb\"},\"inLanguage\":\"fr-FR\",\"potentialAction\":[{\"@type\":\"ReadAction\",\"target\":[\"https:\\\/\\\/www.actuel-canin.com\\\/x\\\/visite_salon\\\/\"]}]},{\"@type\":\"BreadcrumbList\",\"@id\":\"https:\\\/\\\/www.actuel-canin.com\\\/x\\\/visite_salon\\\/#breadcrumb\",\"itemListElement\":[{\"@type\":\"ListItem\",\"position\":1,\"name\":\"Accueil\",\"item\":\"https:\\\/\\\/www.actuel-canin.com\\\/x\\\/\"},{\"@type\":\"ListItem\",\"position\":2,\"name\":\"le Salon\"}]},{\"@type\":\"WebSite\",\"@id\":\"https:\\\/\\\/www.actuel-canin.com\\\/x\\\/#website\",\"url\":\"https:\\\/\\\/www.actuel-canin.com\\\/x\\\/\",\"name\":\"Actuel Canin\",\"description\":\"Toilettage Chiens Chats\",\"publisher\":{\"@id\":\"https:\\\/\\\/www.actuel-canin.com\\\/x\\\/#organization\"},\"potentialAction\":[{\"@type\":\"SearchAction\",\"target\":{\"@type\":\"EntryPoint\",\"urlTemplate\":\"https:\\\/\\\/www.actuel-canin.com\\\/x\\\/?s={search_term_string}\"},\"query-input\":{\"@type\":\"PropertyValueSpecification\",\"valueRequired\":true,\"valueName\":\"search_term_string\"}}],\"inLanguage\":\"fr-FR\"},{\"@type\":\"Organization\",\"@id\":\"https:\\\/\\\/www.actuel-canin.com\\\/x\\\/#organization\",\"name\":\"Actuel Canin\",\"url\":\"https:\\\/\\\/www.actuel-canin.com\\\/x\\\/\",\"logo\":{\"@type\":\"ImageObject\",\"inLanguage\":\"fr-FR\",\"@id\":\"https:\\\/\\\/www.actuel-canin.com\\\/x\\\/#\\\/schema\\\/logo\\\/image\\\/\",\"url\":\"https:\\\/\\\/www.actuel-canin.com\\\/x\\\/wp-content\\\/uploads\\\/2020\\\/05\\\/logo-sur-fond-caractere-noir.png\",\"contentUrl\":\"https:\\\/\\\/www.actuel-canin.com\\\/x\\\/wp-content\\\/uploads\\\/2020\\\/05\\\/logo-sur-fond-caractere-noir.png\",\"width\":460,\"height\":118,\"caption\":\"Actuel Canin\"},\"image\":{\"@id\":\"https:\\\/\\\/www.actuel-canin.com\\\/x\\\/#\\\/schema\\\/logo\\\/image\\\/\"}}]}<\/script>\n<!-- \/ Yoast SEO plugin. -->","yoast_head_json":{"title":"le Salon - Actuel Canin","description":"Actuel Canin salon de toilettage chiens et chats \u00e0 Buxerolles. Toilettage sur rendez-vous de votre animal de compagnie.","robots":{"index":"index","follow":"follow","max-snippet":"max-snippet:-1","max-image-preview":"max-image-preview:large","max-video-preview":"max-video-preview:-1"},"canonical":"https:\/\/www.actuel-canin.com\/x\/visite_salon\/","og_locale":"fr_FR","og_type":"article","og_title":"le Salon - Actuel Canin","og_description":"Actuel Canin salon de toilettage chiens et chats \u00e0 Buxerolles. Toilettage sur rendez-vous de votre animal de compagnie.","og_url":"https:\/\/www.actuel-canin.com\/x\/visite_salon\/","og_site_name":"Actuel Canin","article_modified_time":"2023-09-22T14:56:06+00:00","og_image":[{"width":460,"height":118,"url":"https:\/\/www.actuel-canin.com\/x\/wp-content\/uploads\/2020\/05\/logo-sur-fond-caractere-noir.png","type":"image\/png"}],"twitter_card":"summary_large_image","twitter_misc":{"Dur\u00e9e de lecture estim\u00e9e":"3 minutes"},"schema":{"@context":"https:\/\/schema.org","@graph":[{"@type":"WebPage","@id":"https:\/\/www.actuel-canin.com\/x\/visite_salon\/","url":"https:\/\/www.actuel-canin.com\/x\/visite_salon\/","name":"le Salon - Actuel Canin","isPartOf":{"@id":"https:\/\/www.actuel-canin.com\/x\/#website"},"datePublished":"2020-05-09T14:03:25+00:00","dateModified":"2023-09-22T14:56:06+00:00","description":"Actuel Canin salon de toilettage chiens et chats \u00e0 Buxerolles. Toilettage sur rendez-vous de votre animal de compagnie.","breadcrumb":{"@id":"https:\/\/www.actuel-canin.com\/x\/visite_salon\/#breadcrumb"},"inLanguage":"fr-FR","potentialAction":[{"@type":"ReadAction","target":["https:\/\/www.actuel-canin.com\/x\/visite_salon\/"]}]},{"@type":"BreadcrumbList","@id":"https:\/\/www.actuel-canin.com\/x\/visite_salon\/#breadcrumb","itemListElement":[{"@type":"ListItem","position":1,"name":"Accueil","item":"https:\/\/www.actuel-canin.com\/x\/"},{"@type":"ListItem","position":2,"name":"le Salon"}]},{"@type":"WebSite","@id":"https:\/\/www.actuel-canin.com\/x\/#website","url":"https:\/\/www.actuel-canin.com\/x\/","name":"Actuel Canin","description":"Toilettage Chiens Chats","publisher":{"@id":"https:\/\/www.actuel-canin.com\/x\/#organization"},"potentialAction":[{"@type":"SearchAction","target":{"@type":"EntryPoint","urlTemplate":"https:\/\/www.actuel-canin.com\/x\/?s={search_term_string}"},"query-input":{"@type":"PropertyValueSpecification","valueRequired":true,"valueName":"search_term_string"}}],"inLanguage":"fr-FR"},{"@type":"Organization","@id":"https:\/\/www.actuel-canin.com\/x\/#organization","name":"Actuel Canin","url":"https:\/\/www.actuel-canin.com\/x\/","logo":{"@type":"ImageObject","inLanguage":"fr-FR","@id":"https:\/\/www.actuel-canin.com\/x\/#\/schema\/logo\/image\/","url":"https:\/\/www.actuel-canin.com\/x\/wp-content\/uploads\/2020\/05\/logo-sur-fond-caractere-noir.png","contentUrl":"https:\/\/www.actuel-canin.com\/x\/wp-content\/uploads\/2020\/05\/logo-sur-fond-caractere-noir.png","width":460,"height":118,"caption":"Actuel Canin"},"image":{"@id":"https:\/\/www.actuel-canin.com\/x\/#\/schema\/logo\/image\/"}}]}},"_links":{"self":[{"href":"https:\/\/www.actuel-canin.com\/x\/wp-json\/wp\/v2\/pages\/1036","targetHints":{"allow":["GET"]}}],"collection":[{"href":"https:\/\/www.actuel-canin.com\/x\/wp-json\/wp\/v2\/pages"}],"about":[{"href":"https:\/\/www.actuel-canin.com\/x\/wp-json\/wp\/v2\/types\/page"}],"author":[{"embeddable":true,"href":"https:\/\/www.actuel-canin.com\/x\/wp-json\/wp\/v2\/users\/1"}],"replies":[{"embeddable":true,"href":"https:\/\/www.actuel-canin.com\/x\/wp-json\/wp\/v2\/comments?post=1036"}],"version-history":[{"count":45,"href":"https:\/\/www.actuel-canin.com\/x\/wp-json\/wp\/v2\/pages\/1036\/revisions"}],"predecessor-version":[{"id":2918,"href":"https:\/\/www.actuel-canin.com\/x\/wp-json\/wp\/v2\/pages\/1036\/revisions\/2918"}],"wp:attachment":[{"href":"https:\/\/www.actuel-canin.com\/x\/wp-json\/wp\/v2\/media?parent=1036"}],"curies":[{"name":"wp","href":"https:\/\/api.w.org\/{rel}","templated":true}]}}