{"id":544,"date":"2020-01-02T08:23:07","date_gmt":"2020-01-02T07:23:07","guid":{"rendered":"http:\/\/pets-grooming.axiomthemes.com\/?page_id=544"},"modified":"2020-05-08T23:44:22","modified_gmt":"2020-05-08T21:44:22","slug":"privacy-policy","status":"publish","type":"page","link":"https:\/\/www.actuel-canin.com\/x\/privacy-policy\/","title":{"rendered":"Confidentialit\u00e9 et vie priv\u00e9e"},"content":{"rendered":"<div class=\"wpb-content-wrapper\"><p>[vc_row hide_bg_image_on_tablet=\u00a0\u00bb\u00a0\u00bb hide_bg_image_on_mobile=\u00a0\u00bb\u00a0\u00bb css=\u00a0\u00bb.vc_custom_1527690588959{background-color: #f7f8f9 !important;}\u00a0\u00bb][vc_column icons_position=\u00a0\u00bbleft\u00a0\u00bb][vc_column_text]<\/p>\n<h5>1. Politique de confidentialit\u00e9<\/h5>\n<p><span style=\"font-weight: 200;\">Le site www.actuel-canin.com est soucieux de la protection des donn\u00e9es personnelles. Il s\u2019engage \u00e0 assurer le meilleur niveau de protection \u00e0 vos donn\u00e9es personnelles en conformit\u00e9 avec la loi Informatique et Libert\u00e9s.<br \/>\nPour toute information sur la protection des donn\u00e9es personnelles, vous pouvez \u00e9galement consulter le site de la Commission Informatique et Libert\u00e9 www.cnil.fr<\/span><\/p>\n<h5>2. Identit\u00e9 du responsable du traitement<\/h5>\n<p>Les donn\u00e9es personnelles sont collect\u00e9es par :<br \/>\nActuel Canin &#8211; 306 Av. de la Libert\u00e9 &#8211; 86180 Buxerolles &#8211; France<br \/>\nCi-apr\u00e8s d\u00e9nomm\u00e9 \u00ab Actuel Canin \u00bb.<\/p>\n<h5>3. Les donn\u00e9es collect\u00e9es sur notre site<\/h5>\n<p>Le destinataire des donn\u00e9es est \u00ab\u00a0Actuel Canin\u00a0\u00bb. Conform\u00e9ment \u00e0 la loi Informatique et Libert\u00e9s du 06 Janvier 1978, vous disposez \u00e0 tout moment d&rsquo;un droit d&rsquo;acc\u00e8s, de rectification et de suppression des donn\u00e9es personnelles vous concernant.<br \/>\nSi vous souhaitez exercer ce droit, il vous suffit soit de nous \u00e9crire, soit d&rsquo;en faire la demande via notre e-mail webmaster@actuel-canin.com.<br \/>\nLes donn\u00e9es saisies sur les formulaires pr\u00e9sents sur le pr\u00e9sent site demeurent confidentielles \u00e0 \u00ab\u00a0Actuel Canin\u00a0\u00bb conform\u00e9ment \u00e0 la loi pr\u00e9cit\u00e9e, les informations collect\u00e9es ne seront pas conserv\u00e9es au-del\u00e0 de la dur\u00e9e n\u00e9cessaire aux finalit\u00e9s pour lesquelles elles sont conserv\u00e9es ou trait\u00e9es.<\/p>\n<h5>4. Dur\u00e9e de conservation de vos donn\u00e9es personnelles<\/h5>\n<p>Conform\u00e9ment aux dispositions de la loi, nous conservons les donn\u00e9es vous concernant pour des dur\u00e9es limit\u00e9es :<br \/>\nDonn\u00e9es d&rsquo;identification (nom, adresse \u00e9lectronique, etc.) : 3 ans \u00e0 compter de la derni\u00e8re date de connexion sur le Site<br \/>\nDonn\u00e9es bancaires : Vos donn\u00e9es bancaires ne sont en aucun cas conserv\u00e9es par notre Agence<br \/>\nCookies : 13 mois maximum \u00e0 compter de leur d\u00e9p\u00f4t sur votre ordinateur ou terminal de consultation du Site<br \/>\nDonn\u00e9es prospects : 1 an apr\u00e8s la date de premi\u00e8re activit\u00e9 sur le site.<\/p>\n<h5>5. Loi Informatique et libert\u00e9s<\/h5>\n<p>L\u2019utilisateur est inform\u00e9, conform\u00e9ment \u00e0 l\u2019article 27 de la loi Informatique, fichiers et libert\u00e9s du 6 janvier 1978, que les informations facultatives qu\u2019il communique en r\u00e9pondant s\u2019il le souhaite aux formulaires pr\u00e9sents sur le site permettent de r\u00e9pondre \u00e0 sa demande, et sont destin\u00e9es \u00e0 \u00ab\u00a0Actuel Canin\u00a0\u00bb, responsable du traitement, \u00e0 des fins de gestion administrative et commerciale ainsi que, sauf opposition de sa part, aux partenaires de \u00ab\u00a0Actuel Canin\u00a0\u00bb.<br \/>\nL\u2019utilisateur est inform\u00e9 qu\u2019il dispose d\u2019un droit d\u2019acc\u00e8s et de rectification relativement \u00e0 l\u2019ensemble des donn\u00e9es nominatives le concernant en \u00e9crivant \u00e0 \u00ab\u00a0Actuel Canin\u00a0\u00bb.<\/p>\n<h5>6. Vos droits au regard de la loi Informatique et Libert\u00e9s<\/h5>\n<p>Conform\u00e9ment \u00e0 la loi Informatique et Libert\u00e9s du 6 janvier 1978 modifi\u00e9e par la loi du 6 Ao\u00fbt 2004, vous disposez de certains droits aux donn\u00e9es personnelles vous concernant. Il vous suffit d\u2019\u00e9crire en ligne ou par courrier au responsable du traitement en indiquant vos noms, pr\u00e9noms, e-mail adresse. Conform\u00e9ment \u00e0 la r\u00e9glementation en vigueur, votre demande doit \u00eatre sign\u00e9e et accompagn\u00e9e de la photocopie d\u2019un titre d\u2019identit\u00e9 portant votre signature et pr\u00e9ciser l\u2019adresse \u00e0 laquelle doit vous parvenir la r\u00e9ponse. Une r\u00e9ponse vous sera alors adress\u00e9e dans un d\u00e9lai de 1 mois suivant la r\u00e9ception de la demande pouvant \u00eatre allong\u00e9 \u00e0 2 mois. Si vous souhaitez exercer ce droit, il vous suffit d&rsquo;en faire la demande par courrier.<\/p>\n<h5>7. Quels sont vos droits sur vos donn\u00e9es personnelles ?<\/h5>\n<p>En vertu de l\u2019article 15 du r\u00e8glement g\u00e9n\u00e9ral europ\u00e9en sur la protection des donn\u00e9es personnelles g\u00e9n\u00e9ral , vous disposez de recevoir une copie de vos donn\u00e9es personnelles (\u201cdroit d\u2019acc\u00e8s\u201d).<br \/>\nEn vertu de l\u2019article 17 du r\u00e8glement g\u00e9n\u00e9ral europ\u00e9en sur la protection des donn\u00e9es personnelles g\u00e9n\u00e9ral, vous disposez du droit de demander l\u2019effacement de vos donn\u00e9es personnelles ou de les rectifier si elles sont erron\u00e9es, obsol\u00e8tes, illicites ou si vous souhaitez retirer votre consentement (\u201cdroit d\u2019effacement et droit de rectification\u201d). Si vous poss\u00e9dez un compte client, vous pouvez modifier, rectifier, actualiser et corriger l&rsquo;ensemble des informations contenues dans Votre compte \u00e0 la rubrique \u00ab mes Informations personnelles \u00bb. Veuillez noter que nous sommes susceptibles de conserver certaines informations vous concernant lorsque la loi nous l\u2019impose ou lorsque nous avons un motif l\u00e9gitime de le faire, \u00e0 des fins archivistiques ou pour des motifs d\u2019int\u00e9r\u00eat public. C\u2019est par exemple le cas, si nous estimons que vous avez commis une fraude ou viol\u00e9 nos Conditions G\u00e9n\u00e9rales d\u2019Utilisation et que nous souhaitons \u00e9viter que vous contourniez les r\u00e8gles applicables.<br \/>\nEn vertu de l\u2019article 21 du r\u00e8glement g\u00e9n\u00e9ral europ\u00e9en de protection des donn\u00e9es personnelles vous disposez \u00e9galement du droit de vous opposer \u00e0 tout moment pour des raisons tenant \u00e0 sa situation particuli\u00e8re, au traitement de vos donn\u00e9es personnelles \u00e0 des fins de marketing direct ou aux traitements effectu\u00e9s sur le fondement de notre int\u00e9r\u00eat l\u00e9gitime \u00e0 moins de motifs l\u00e9gitimes et imp\u00e9rieux ou de constatation de droits en justice. (\u201cdroit d\u2019opposition\u201d).<br \/>\nEn vertu de l\u2019article 18 du r\u00e8glement g\u00e9n\u00e9ral europ\u00e9en de protection des donn\u00e9es personnelles vous disposez du droit de limiter les traitements effectu\u00e9s sur vos donn\u00e9es personnelles (\u201cdroit \u00e0 la limitation de traitement\u201d). Veuillez noter que ce droit ne s\u2019applique que si vous contestez l\u2019exactitude de vos donn\u00e9es personnelles pendant la dur\u00e9e nous permettant de v\u00e9rifier l\u2019exactitude de ces derni\u00e8res; en cas de traitement illicite de notre part et que vous exigez une limitation de leur utilisation plut\u00f4t qu\u2019un effacement, nous n\u2019avons plus besoin des donn\u00e9es \u00e0 caract\u00e8re personnel aux fins du traitement mais celles-ci vous sont encore n\u00e9cessaires pour la constatation, l\u2019exercice ou la d\u00e9fense de droits en justice; en cas d\u2019exercice de votre droit d\u2019opposition pendant la dur\u00e9e de v\u00e9rification portant sur le point de savoir si les motifs l\u00e9gitimes que nous poursuivons pr\u00e9valent les votre.<br \/>\nEn vertu de l\u2019article 20 du r\u00e8glement g\u00e9n\u00e9ral europ\u00e9en de protection des donn\u00e9es personnelles vous disposez \u00e9galement du droit \u00e0 la portabilit\u00e9 de vos donn\u00e9es, c\u2019est-\u00e0-dire au droit de recevoir les donn\u00e9es personnelles que vous nous avez fournis dans un format structur\u00e9, couramment utilis\u00e9 et lisible par la machine, et le droit de transmettre ces donn\u00e9es \u00e0 un autre responsable du traitement (\u00ab droit \u00e0 la portabilit\u00e9 \u00bb).<\/p>\n<h5>8. Utilisation de vos donn\u00e9es en lien avec les r\u00e9seaux sociaux<\/h5>\n<p>L&rsquo;utilisation des r\u00e9seaux sociaux et des services en relation avec ces r\u00e9seaux sociaux est susceptible d&rsquo;entra\u00eener une collecte et un \u00e9change de certaines donn\u00e9es entre les r\u00e9seaux sociaux et \u00ab\u00a0Actuel Canin\u00a0\u00bb. Nous vous invitons \u00e0 consulter les politiques de protection des donn\u00e9es personnelles des r\u00e9seaux sociaux afin de prendre pr\u00e9cis\u00e9ment connaissance des informations qui sont collect\u00e9es par les r\u00e9seaux sociaux et qui peuvent \u00eatre transmises \u00e0 \u00ab\u00a0Actuel Canin\u00a0\u00bb en lien avec ses sites ainsi que les finalit\u00e9s d&rsquo;utilisation de vos donn\u00e9es, notamment \u00e0 des fins publicitaires. Vous pourrez param\u00e9trer directement sur les r\u00e9seaux sociaux l&rsquo;acc\u00e8s et la confidentialit\u00e9 de vos donn\u00e9es. \u00ab\u00a0Actuel Canin\u00a0\u00bb collecte pour son compte certaines informations et donn\u00e9es personnelles en lien avec votre activit\u00e9 sur les pages des r\u00e9seaux sociaux \u00ab\u00a0Actuel Canin\u00a0\u00bb ou les sites \u00ab\u00a0Actuel Canin\u00a0\u00bb qui utilisent les services des r\u00e9seaux sociaux. Ces donn\u00e9es sont utilis\u00e9es \u00e0 des fins publicitaires pour am\u00e9liorer notre relation commerciale et la publicit\u00e9 qui vous est adress\u00e9e afin de vous offrir une exp\u00e9rience personnalis\u00e9e et sociale. Les informations recueillies par \u00ab\u00a0Actuel Canin\u00a0\u00bb pour son propre compte au travers des sites ou services \u00ab\u00a0Actuel Canin\u00a0\u00bb en lien avec les r\u00e9seaux sociaux sont r\u00e9gies par les pr\u00e9sentes conditions et les conditions sp\u00e9cifiques du site \u00ab\u00a0Actuel Canin\u00a0\u00bb. En revanche, \u00ab\u00a0Actuel Canin\u00a0\u00bb n&rsquo;est pas responsable de l&rsquo;utilisation qui est faite de vos donn\u00e9es par les r\u00e9seaux sociaux pour leur propre compte.<\/p>\n<h5>9. Plug-ins et modules sociaux<\/h5>\n<p>Notre site peut utiliser des \u00ab plug-in \u00bb ou modules sociaux. Il s&rsquo;agit notamment des petits boutons \u00ab j&rsquo;aime \u00bb, \u00ab partager \u00bb des r\u00e9seaux sociaux tiers tels que Facebook, Twitter, Google\u2026. que vous pouvez trouver sur notre site. Ils vous permettent d&rsquo;aimer (\u00ab liker \u00bb) et de partager des informations provenant du site avec vos amis sur les r\u00e9seaux sociaux. Lorsque vous consultez une page de notre site \u00ab\u00a0Actuel Canin\u00a0\u00bb (web ou mobile) contenant des plugs-in ou modules sociaux, une connexion est \u00e9tablie avec les serveurs des r\u00e9seaux sociaux (Facebook, Twitter\u2026) qui sont alors inform\u00e9s que vous avez acc\u00e9d\u00e9 \u00e0 la page correspondante du site \u00ab\u00a0Actuel Canin\u00a0\u00bb consult\u00e9, et ce m\u00eame si vous ne poss\u00e9dez pas de compte utilisateur Facebook ou Twitter, et m\u00eame si vous n&rsquo;\u00eates pas connect\u00e9 \u00e0 votre compte Facebook ou Twitter. Par exemple :Si vous \u00eates connect\u00e9 \u00e0 un r\u00e9seau social lors de votre navigation sur le site www.actuel-canin.com, les r\u00e9seaux sociaux auxquels vous \u00eates connect\u00e9s pourront faire mention de votre visite dans votre compte sur les r\u00e9seaux sociaux. Si vous utilisez les plug-ins (ex : like), vos actions pourront \u00eatre enregistr\u00e9es et publi\u00e9es sur vos comptes dans les r\u00e9seaux sociaux en fonction du param\u00e9trage de votre compte des r\u00e9seaux sociaux. Si vous ne souhaitez pas que les r\u00e9seaux sociaux publient vos actions issues des plug-ins dans vos comptes sur les r\u00e9seaux sociaux, vous devez vous d\u00e9connecter de vos r\u00e9seaux sociaux avant de visiter notre site.<\/p>\n<h5>10. Liens hypertextes et cookies<\/h5>\n<p>Le site https:\/\/www.actuel-canin.com\/ contient un certain nombre de liens hypertextes vers d\u2019autres sites, mis en place avec l\u2019autorisation de \u00ab\u00a0Actuel Canin\u00a0\u00bb. Cependant, \u00ab\u00a0Actuel Canin\u00a0\u00bb n\u2019a pas la possibilit\u00e9 de v\u00e9rifier le contenu des sites ainsi visit\u00e9s, et n\u2019assumera en cons\u00e9quence aucune responsabilit\u00e9 de ce fait.<br \/>\nLa navigation sur le site https:\/\/www.actuel-canin.com\/ est susceptible de provoquer l\u2019installation de cookie(s) sur l\u2019ordinateur de l\u2019utilisateur. Un cookie est un fichier de petite taille, qui ne permet pas l\u2019identification de l\u2019utilisateur, mais qui enregistre des informations relatives \u00e0 la navigation d\u2019un ordinateur sur un site. Les donn\u00e9es ainsi obtenues visent \u00e0 faciliter la navigation ult\u00e9rieure sur le site, et ont \u00e9galement vocation \u00e0 permettre diverses mesures de fr\u00e9quentation.<br \/>\nLe refus d\u2019installation d\u2019un cookie peut entra\u00eener l\u2019impossibilit\u00e9 d\u2019acc\u00e9der \u00e0 certains services. L\u2019utilisateur peut toutefois configurer son ordinateur de la mani\u00e8re suivante, pour refuser l\u2019installation des cookies :<br \/>\nSous Internet Explorer : onglet outil \/ options internet. Cliquez sur Confidentialit\u00e9 et choisissez Bloquer tous les cookies. Validez sur Ok.<br \/>\nSous Google Chrome : onglet outils \/ effacer les donn\u00e9es de navigations. Faites votre choix puis cliquez sur le bouton \u00ab effacer les donn\u00e9es de navigation \u00bb<br \/>\nSous Firefox : onglet option \/ vie priv\u00e9e\/ pistage (choisissez d\u2019\u00eatre traqu\u00e9 ou pas) \u2013 Historique : supprimer des cookies sp\u00e9cifiques \/ supprimer tous les cookies.<\/p>\n<h5>11. Contact<\/h5>\n<p>Pour toute question relative \u00e0 la pr\u00e9sente politique de confidentialit\u00e9 ou pour toute demande relative \u00e0 vos donn\u00e9es personnelles, vous pouvez nous contacter en :<br \/>\nadressant un email \u00e0 notre d\u00e9l\u00e9gu\u00e9 \u00e0 la protection des donn\u00e9es \u00e0 l\u2019adresse : webmaster@actuel-canin.com<br \/>\nou en nous adressant un courrier \u00e0 l\u2019adresse suivante : \u00ab\u00a0Actuel Canin\u00a0\u00bb &#8211; 306 Av. de la Libert\u00e9 &#8211; 86180 Buxerolles.[\/vc_column_text][vc_empty_space height=\u00a0\u00bb4em\u00a0\u00bb alter_height=\u00a0\u00bbnone\u00a0\u00bb hide_on_mobile=\u00a0\u00bb\u00a0\u00bb hide_on_desktop=\u00a0\u00bb\u00a0\u00bb hide_on_notebook=\u00a0\u00bb\u00a0\u00bb hide_on_tablet=\u00a0\u00bb\u00a0\u00bb][\/vc_column][\/vc_row]<\/p>\n<\/div>","protected":false},"excerpt":{"rendered":"<p>[vc_row hide_bg_image_on_tablet=\u00a0\u00bb\u00a0\u00bb hide_bg_image_on_mobile=\u00a0\u00bb\u00a0\u00bb css=\u00a0\u00bb.vc_custom_1527690588959{background-color: #f7f8f9 !important;}\u00a0\u00bb][vc_column icons_position=\u00a0\u00bbleft\u00a0\u00bb][vc_column_text] 1. Politique de confidentialit\u00e9 Le site www.actuel-canin.com est soucieux de la protection des donn\u00e9es personnelles. Il s\u2019engage \u00e0 assurer le meilleur niveau de protection \u00e0 vos donn\u00e9es personnelles en conformit\u00e9 avec la loi Informatique et Libert\u00e9s. Pour toute information sur la protection des donn\u00e9es personnelles, vous pouvez \u00e9galement [&hellip;]<\/p>\n","protected":false},"author":1,"featured_media":0,"parent":0,"menu_order":0,"comment_status":"closed","ping_status":"closed","template":"","meta":{"footnotes":""},"class_list":["post-544","page","type-page","status-publish","hentry"],"yoast_head":"<!-- This site is optimized with the Yoast SEO plugin v27.3 - https:\/\/yoast.com\/product\/yoast-seo-wordpress\/ -->\n<title>Confidentialit\u00e9 et vie priv\u00e9e - Actuel Canin<\/title>\n<meta name=\"robots\" content=\"index, follow, max-snippet:-1, max-image-preview:large, max-video-preview:-1\" \/>\n<link rel=\"canonical\" href=\"https:\/\/www.actuel-canin.com\/x\/privacy-policy\/\" \/>\n<meta property=\"og:locale\" content=\"fr_FR\" \/>\n<meta property=\"og:type\" content=\"article\" \/>\n<meta property=\"og:title\" content=\"Confidentialit\u00e9 et vie priv\u00e9e - Actuel Canin\" \/>\n<meta property=\"og:description\" content=\"[vc_row hide_bg_image_on_tablet=\u00a0\u00bb\u00a0\u00bb hide_bg_image_on_mobile=\u00a0\u00bb\u00a0\u00bb css=\u00a0\u00bb.vc_custom_1527690588959{background-color: #f7f8f9 !important;}\u00a0\u00bb][vc_column icons_position=\u00a0\u00bbleft\u00a0\u00bb][vc_column_text] 1. Politique de confidentialit\u00e9 Le site www.actuel-canin.com est soucieux de la protection des donn\u00e9es personnelles. Il s\u2019engage \u00e0 assurer le meilleur niveau de protection \u00e0 vos donn\u00e9es personnelles en conformit\u00e9 avec la loi Informatique et Libert\u00e9s. Pour toute information sur la protection des donn\u00e9es personnelles, vous pouvez \u00e9galement [&hellip;]\" \/>\n<meta property=\"og:url\" content=\"https:\/\/www.actuel-canin.com\/x\/privacy-policy\/\" \/>\n<meta property=\"og:site_name\" content=\"Actuel Canin\" \/>\n<meta property=\"article:modified_time\" content=\"2020-05-08T21:44:22+00:00\" \/>\n<meta property=\"og:image\" content=\"https:\/\/www.actuel-canin.com\/x\/wp-content\/uploads\/2020\/05\/logo-sur-fond-caractere-noir.png\" \/>\n\t<meta property=\"og:image:width\" content=\"460\" \/>\n\t<meta property=\"og:image:height\" content=\"118\" \/>\n\t<meta property=\"og:image:type\" content=\"image\/png\" \/>\n<meta name=\"twitter:card\" content=\"summary_large_image\" \/>\n<meta name=\"twitter:label1\" content=\"Dur\u00e9e de lecture estim\u00e9e\" \/>\n\t<meta name=\"twitter:data1\" content=\"10 minutes\" \/>\n<script type=\"application\/ld+json\" class=\"yoast-schema-graph\">{\"@context\":\"https:\\\/\\\/schema.org\",\"@graph\":[{\"@type\":\"WebPage\",\"@id\":\"https:\\\/\\\/www.actuel-canin.com\\\/x\\\/privacy-policy\\\/\",\"url\":\"https:\\\/\\\/www.actuel-canin.com\\\/x\\\/privacy-policy\\\/\",\"name\":\"Confidentialit\u00e9 et vie priv\u00e9e - Actuel Canin\",\"isPartOf\":{\"@id\":\"https:\\\/\\\/www.actuel-canin.com\\\/x\\\/#website\"},\"datePublished\":\"2020-01-02T07:23:07+00:00\",\"dateModified\":\"2020-05-08T21:44:22+00:00\",\"breadcrumb\":{\"@id\":\"https:\\\/\\\/www.actuel-canin.com\\\/x\\\/privacy-policy\\\/#breadcrumb\"},\"inLanguage\":\"fr-FR\",\"potentialAction\":[{\"@type\":\"ReadAction\",\"target\":[\"https:\\\/\\\/www.actuel-canin.com\\\/x\\\/privacy-policy\\\/\"]}]},{\"@type\":\"BreadcrumbList\",\"@id\":\"https:\\\/\\\/www.actuel-canin.com\\\/x\\\/privacy-policy\\\/#breadcrumb\",\"itemListElement\":[{\"@type\":\"ListItem\",\"position\":1,\"name\":\"Accueil\",\"item\":\"https:\\\/\\\/www.actuel-canin.com\\\/x\\\/\"},{\"@type\":\"ListItem\",\"position\":2,\"name\":\"Confidentialit\u00e9 et vie priv\u00e9e\"}]},{\"@type\":\"WebSite\",\"@id\":\"https:\\\/\\\/www.actuel-canin.com\\\/x\\\/#website\",\"url\":\"https:\\\/\\\/www.actuel-canin.com\\\/x\\\/\",\"name\":\"Actuel Canin\",\"description\":\"Toilettage Chiens Chats\",\"publisher\":{\"@id\":\"https:\\\/\\\/www.actuel-canin.com\\\/x\\\/#organization\"},\"potentialAction\":[{\"@type\":\"SearchAction\",\"target\":{\"@type\":\"EntryPoint\",\"urlTemplate\":\"https:\\\/\\\/www.actuel-canin.com\\\/x\\\/?s={search_term_string}\"},\"query-input\":{\"@type\":\"PropertyValueSpecification\",\"valueRequired\":true,\"valueName\":\"search_term_string\"}}],\"inLanguage\":\"fr-FR\"},{\"@type\":\"Organization\",\"@id\":\"https:\\\/\\\/www.actuel-canin.com\\\/x\\\/#organization\",\"name\":\"Actuel Canin\",\"url\":\"https:\\\/\\\/www.actuel-canin.com\\\/x\\\/\",\"logo\":{\"@type\":\"ImageObject\",\"inLanguage\":\"fr-FR\",\"@id\":\"https:\\\/\\\/www.actuel-canin.com\\\/x\\\/#\\\/schema\\\/logo\\\/image\\\/\",\"url\":\"https:\\\/\\\/www.actuel-canin.com\\\/x\\\/wp-content\\\/uploads\\\/2020\\\/05\\\/logo-sur-fond-caractere-noir.png\",\"contentUrl\":\"https:\\\/\\\/www.actuel-canin.com\\\/x\\\/wp-content\\\/uploads\\\/2020\\\/05\\\/logo-sur-fond-caractere-noir.png\",\"width\":460,\"height\":118,\"caption\":\"Actuel Canin\"},\"image\":{\"@id\":\"https:\\\/\\\/www.actuel-canin.com\\\/x\\\/#\\\/schema\\\/logo\\\/image\\\/\"}}]}<\/script>\n<!-- \/ Yoast SEO plugin. -->","yoast_head_json":{"title":"Confidentialit\u00e9 et vie priv\u00e9e - Actuel Canin","robots":{"index":"index","follow":"follow","max-snippet":"max-snippet:-1","max-image-preview":"max-image-preview:large","max-video-preview":"max-video-preview:-1"},"canonical":"https:\/\/www.actuel-canin.com\/x\/privacy-policy\/","og_locale":"fr_FR","og_type":"article","og_title":"Confidentialit\u00e9 et vie priv\u00e9e - Actuel Canin","og_description":"[vc_row hide_bg_image_on_tablet=\u00a0\u00bb\u00a0\u00bb hide_bg_image_on_mobile=\u00a0\u00bb\u00a0\u00bb css=\u00a0\u00bb.vc_custom_1527690588959{background-color: #f7f8f9 !important;}\u00a0\u00bb][vc_column icons_position=\u00a0\u00bbleft\u00a0\u00bb][vc_column_text] 1. Politique de confidentialit\u00e9 Le site www.actuel-canin.com est soucieux de la protection des donn\u00e9es personnelles. Il s\u2019engage \u00e0 assurer le meilleur niveau de protection \u00e0 vos donn\u00e9es personnelles en conformit\u00e9 avec la loi Informatique et Libert\u00e9s. Pour toute information sur la protection des donn\u00e9es personnelles, vous pouvez \u00e9galement [&hellip;]","og_url":"https:\/\/www.actuel-canin.com\/x\/privacy-policy\/","og_site_name":"Actuel Canin","article_modified_time":"2020-05-08T21:44:22+00:00","og_image":[{"width":460,"height":118,"url":"https:\/\/www.actuel-canin.com\/x\/wp-content\/uploads\/2020\/05\/logo-sur-fond-caractere-noir.png","type":"image\/png"}],"twitter_card":"summary_large_image","twitter_misc":{"Dur\u00e9e de lecture estim\u00e9e":"10 minutes"},"schema":{"@context":"https:\/\/schema.org","@graph":[{"@type":"WebPage","@id":"https:\/\/www.actuel-canin.com\/x\/privacy-policy\/","url":"https:\/\/www.actuel-canin.com\/x\/privacy-policy\/","name":"Confidentialit\u00e9 et vie priv\u00e9e - Actuel Canin","isPartOf":{"@id":"https:\/\/www.actuel-canin.com\/x\/#website"},"datePublished":"2020-01-02T07:23:07+00:00","dateModified":"2020-05-08T21:44:22+00:00","breadcrumb":{"@id":"https:\/\/www.actuel-canin.com\/x\/privacy-policy\/#breadcrumb"},"inLanguage":"fr-FR","potentialAction":[{"@type":"ReadAction","target":["https:\/\/www.actuel-canin.com\/x\/privacy-policy\/"]}]},{"@type":"BreadcrumbList","@id":"https:\/\/www.actuel-canin.com\/x\/privacy-policy\/#breadcrumb","itemListElement":[{"@type":"ListItem","position":1,"name":"Accueil","item":"https:\/\/www.actuel-canin.com\/x\/"},{"@type":"ListItem","position":2,"name":"Confidentialit\u00e9 et vie priv\u00e9e"}]},{"@type":"WebSite","@id":"https:\/\/www.actuel-canin.com\/x\/#website","url":"https:\/\/www.actuel-canin.com\/x\/","name":"Actuel Canin","description":"Toilettage Chiens Chats","publisher":{"@id":"https:\/\/www.actuel-canin.com\/x\/#organization"},"potentialAction":[{"@type":"SearchAction","target":{"@type":"EntryPoint","urlTemplate":"https:\/\/www.actuel-canin.com\/x\/?s={search_term_string}"},"query-input":{"@type":"PropertyValueSpecification","valueRequired":true,"valueName":"search_term_string"}}],"inLanguage":"fr-FR"},{"@type":"Organization","@id":"https:\/\/www.actuel-canin.com\/x\/#organization","name":"Actuel Canin","url":"https:\/\/www.actuel-canin.com\/x\/","logo":{"@type":"ImageObject","inLanguage":"fr-FR","@id":"https:\/\/www.actuel-canin.com\/x\/#\/schema\/logo\/image\/","url":"https:\/\/www.actuel-canin.com\/x\/wp-content\/uploads\/2020\/05\/logo-sur-fond-caractere-noir.png","contentUrl":"https:\/\/www.actuel-canin.com\/x\/wp-content\/uploads\/2020\/05\/logo-sur-fond-caractere-noir.png","width":460,"height":118,"caption":"Actuel Canin"},"image":{"@id":"https:\/\/www.actuel-canin.com\/x\/#\/schema\/logo\/image\/"}}]}},"_links":{"self":[{"href":"https:\/\/www.actuel-canin.com\/x\/wp-json\/wp\/v2\/pages\/544","targetHints":{"allow":["GET"]}}],"collection":[{"href":"https:\/\/www.actuel-canin.com\/x\/wp-json\/wp\/v2\/pages"}],"about":[{"href":"https:\/\/www.actuel-canin.com\/x\/wp-json\/wp\/v2\/types\/page"}],"author":[{"embeddable":true,"href":"https:\/\/www.actuel-canin.com\/x\/wp-json\/wp\/v2\/users\/1"}],"replies":[{"embeddable":true,"href":"https:\/\/www.actuel-canin.com\/x\/wp-json\/wp\/v2\/comments?post=544"}],"version-history":[{"count":16,"href":"https:\/\/www.actuel-canin.com\/x\/wp-json\/wp\/v2\/pages\/544\/revisions"}],"predecessor-version":[{"id":989,"href":"https:\/\/www.actuel-canin.com\/x\/wp-json\/wp\/v2\/pages\/544\/revisions\/989"}],"wp:attachment":[{"href":"https:\/\/www.actuel-canin.com\/x\/wp-json\/wp\/v2\/media?parent=544"}],"curies":[{"name":"wp","href":"https:\/\/api.w.org\/{rel}","templated":true}]}}