{"id":794,"date":"2020-05-02T23:38:28","date_gmt":"2020-05-02T21:38:28","guid":{"rendered":"https:\/\/www.actuel-canin.com\/x\/?page_id=794"},"modified":"2020-05-15T07:06:57","modified_gmt":"2020-05-15T05:06:57","slug":"mentions-legales","status":"publish","type":"page","link":"https:\/\/www.actuel-canin.com\/x\/mentions-legales\/","title":{"rendered":"Mentions l\u00e9gales"},"content":{"rendered":"<div class=\"wpb-content-wrapper\"><p>[vc_row hide_bg_image_on_tablet=\u00a0\u00bb\u00a0\u00bb hide_bg_image_on_mobile=\u00a0\u00bb\u00a0\u00bb css=\u00a0\u00bb.vc_custom_1527690597112{background-color: #f7f8f9 !important;}\u00a0\u00bb][vc_column icons_position=\u00a0\u00bbleft\u00a0\u00bb][vc_column_text]<\/p>\n<h5>1. \u00c9diteur et Responsable de la publication Internet<\/h5>\n<p>Le site www.actuel-canin.com est la propri\u00e9t\u00e9 du \u00ab\u00a0Salon de Toilettage Actuel Canin\u00a0\u00bb\u00a0 dont le si\u00e8ge social est situ\u00e9 au 306 Av. de la Libert\u00e9 \u00e0 Buxerolles 86180.<br \/>\nLe Responsable de la publication Internet est Mme Audrey Archambault.<\/p>\n<h5>2. H\u00e9bergement<\/h5>\n<p><span style=\"font-weight: 400;\">Le site est h\u00e9berg\u00e9 sur un serveur d\u00e9di\u00e9 \u00e0 Paris par la soci\u00e9t\u00e9 OVH.<br \/>\nSi\u00e8ge social : 2 rue Kellermann &#8211; 59100 Roubaix &#8211; France.<br \/>\n<\/span><\/p>\n<h5>3. Informations techniques<\/h5>\n<p>L\u2019utilisateur du pr\u00e9sent site reconna\u00eet disposer de la comp\u00e9tence des moyens n\u00e9cessaires pour acc\u00e9der et utiliser ce site et avoir v\u00e9rifi\u00e9 que la configuration informatique utilis\u00e9e ne contient aucun virus et qu\u2019elle est en parfait \u00e9tat de fonctionnement.<br \/>\nL\u2019utilisateur reconna\u00eet avoir \u00e9t\u00e9 inform\u00e9 que le pr\u00e9sent site est accessible 24 heures sur 24 et 7 jours sur 7, \u00e0 l\u2019exception des cas de force majeure, difficult\u00e9s li\u00e9es \u00e0 la structure des r\u00e9seaux de communication ou difficult\u00e9s techniques. Pour des raisons de maintenance, nom de la structure pourra interrompre le site et s\u2019efforcera d\u2019en avertir pr\u00e9alablement les utilisateurs.<br \/>\nEn conformit\u00e9 avec les dispositions de la loi du 6 janvier 1978 relative \u00e0 l\u2019informatique, aux fichiers et aux libert\u00e9s, le traitement automatis\u00e9 de donn\u00e9es nominatives r\u00e9alis\u00e9 et \u00e0 partir de ce site web a fait l\u2019objet d\u2019une d\u00e9claration aupr\u00e8s de la Commission Nationale de l\u2019Informatique et des Libert\u00e9s (CNIL) qui a d\u00e9livr\u00e9 un r\u00e9c\u00e9piss\u00e9.<br \/>\nLe \u00ab\u00a0G\u00eete Les B\u00e2teliers\u00a0\u00bb met tout en \u0153uvre pour offrir aux utilisateurs des informations et\/ou outils disponibles et v\u00e9rifi\u00e9s, mais ne saurait \u00eatre tenu responsable des erreurs, d\u2019une absence de disponibilit\u00e9 des informations et\/ou de la pr\u00e9sence de virus sur son site.\u200b<\/p>\n<h5>4. Loi Informatique et libert\u00e9s<\/h5>\n<p>L\u2019utilisateur est inform\u00e9, conform\u00e9ment \u00e0 l\u2019article 27 de la loi Informatique, fichiers et libert\u00e9s du 6 janvier 1978, que les informations facultatives qu\u2019il communique en r\u00e9pondant s\u2019il le souhaite aux formulaires pr\u00e9sents sur le site permettent de r\u00e9pondre \u00e0 sa demande, et sont destin\u00e9es \u00e0 \u00ab\u00a0Actuel Canin\u00a0\u00bb, responsable du traitement, \u00e0 des fins de gestion administrative et commerciale ainsi que, sauf opposition de sa part, aux partenaires de \u00ab\u00a0Actuel Canin\u00a0\u00bb.<br \/>\nL\u2019utilisateur est inform\u00e9 qu\u2019il dispose d\u2019un droit d\u2019acc\u00e8s et de rectification relativement \u00e0 l\u2019ensemble des donn\u00e9es nominatives le concernant en \u00e9crivant \u00e0 \u00ab\u00a0Actuel Canin\u00a0\u00bb.<\/p>\n<h5>5. Propri\u00e9t\u00e9, Droit d\u2019auteur<\/h5>\n<p>Toute repr\u00e9sentation totale ou partielle de ce site par quelque proc\u00e9d\u00e9 que ce soit, sans l\u2019autorisation expresse de \u00ab\u00a0Actuel Canin\u00a0\u00bb est interdite et constituerait une contrefa\u00e7on sanctionn\u00e9e par les articles L.335-2 et suivants du Code de la propri\u00e9t\u00e9 intellectuelle. Il en est de m\u00eame des bases de donn\u00e9es figurant sur le site web, qui sont prot\u00e9g\u00e9es par les dispositions du Code de la propri\u00e9t\u00e9 intellectuelle portant transposition de la directive europ\u00e9enne du 11 mars 1996 relative \u00e0 la protection juridique des bases de donn\u00e9es, et dont \u00ab\u00a0Actuel Canin\u00a0\u00bb est producteur.<\/p>\n<h5>6. Liens hypertextes et cookies<\/h5>\n<p>Le site https:\/\/www.actuel-canin.com\/ contient un certain nombre de liens hypertextes vers d\u2019autres sites, mis en place avec l\u2019autorisation de \u00ab\u00a0Actuel Canin\u00a0\u00bb. Cependant, \u00ab\u00a0Actuel Canins\u00a0\u00bb n\u2019a pas la possibilit\u00e9 de v\u00e9rifier le contenu des sites ainsi visit\u00e9s, et n\u2019assumera en cons\u00e9quence aucune responsabilit\u00e9 de ce fait.<br \/>\nLa navigation sur le site https:\/\/www.actuel-canin.com\/ est susceptible de provoquer l\u2019installation de cookie(s) sur l\u2019ordinateur de l\u2019utilisateur. Un cookie est un fichier de petite taille, qui ne permet pas l\u2019identification de l\u2019utilisateur, mais qui enregistre des informations relatives \u00e0 la navigation d\u2019un ordinateur sur un site. Les donn\u00e9es ainsi obtenues visent \u00e0 faciliter la navigation ult\u00e9rieure sur le site, et ont \u00e9galement vocation \u00e0 permettre diverses mesures de fr\u00e9quentation.<br \/>\nLe refus d\u2019installation d\u2019un cookie peut entra\u00eener l\u2019impossibilit\u00e9 d\u2019acc\u00e9der \u00e0 certains services. L\u2019utilisateur peut toutefois configurer son ordinateur de la mani\u00e8re suivante, pour refuser l\u2019installation des cookies :<br \/>\nSous Internet Explorer : onglet outil \/ options internet. Cliquez sur Confidentialit\u00e9 et choisissez Bloquer tous les cookies. Validez sur Ok.<br \/>\nSous Google Chrome : onglet outils \/ effacer les donn\u00e9es de navigations. Faites votre choix puis cliquez sur le bouton \u00ab effacer les donn\u00e9es de navigation \u00bb<br \/>\nSous Firefox : onglet option \/ vie priv\u00e9e\/ pistage (choisissez d\u2019\u00eatre traqu\u00e9 ou pas) \u2013 Historique : supprimer des cookies sp\u00e9cifiques \/ supprimer tous les cookies.[\/vc_column_text][vc_empty_space height=\u00a0\u00bb4em\u00a0\u00bb alter_height=\u00a0\u00bbnone\u00a0\u00bb hide_on_mobile=\u00a0\u00bb\u00a0\u00bb hide_on_desktop=\u00a0\u00bb\u00a0\u00bb hide_on_notebook=\u00a0\u00bb\u00a0\u00bb hide_on_tablet=\u00a0\u00bb\u00a0\u00bb][\/vc_column][\/vc_row]<\/p>\n<\/div>","protected":false},"excerpt":{"rendered":"<p>[vc_row hide_bg_image_on_tablet=\u00a0\u00bb\u00a0\u00bb hide_bg_image_on_mobile=\u00a0\u00bb\u00a0\u00bb css=\u00a0\u00bb.vc_custom_1527690597112{background-color: #f7f8f9 !important;}\u00a0\u00bb][vc_column icons_position=\u00a0\u00bbleft\u00a0\u00bb][vc_column_text] 1. \u00c9diteur et Responsable de la publication Internet Le site www.actuel-canin.com est la propri\u00e9t\u00e9 du \u00ab\u00a0Salon de Toilettage Actuel Canin\u00a0\u00bb\u00a0 dont le si\u00e8ge social est situ\u00e9 au 306 Av. de la Libert\u00e9 \u00e0 Buxerolles 86180. Le Responsable de la publication Internet est Mme Audrey Archambault. 2. H\u00e9bergement Le [&hellip;]<\/p>\n","protected":false},"author":1,"featured_media":0,"parent":0,"menu_order":0,"comment_status":"closed","ping_status":"closed","template":"","meta":{"footnotes":""},"class_list":["post-794","page","type-page","status-publish","hentry"],"yoast_head":"<!-- This site is optimized with the Yoast SEO plugin v27.3 - https:\/\/yoast.com\/product\/yoast-seo-wordpress\/ -->\n<title>Mentions l\u00e9gales - Actuel Canin<\/title>\n<meta name=\"robots\" content=\"index, follow, max-snippet:-1, max-image-preview:large, max-video-preview:-1\" \/>\n<link rel=\"canonical\" href=\"https:\/\/www.actuel-canin.com\/x\/mentions-legales\/\" \/>\n<meta property=\"og:locale\" content=\"fr_FR\" \/>\n<meta property=\"og:type\" content=\"article\" \/>\n<meta property=\"og:title\" content=\"Mentions l\u00e9gales - Actuel Canin\" \/>\n<meta property=\"og:description\" content=\"[vc_row hide_bg_image_on_tablet=\u00a0\u00bb\u00a0\u00bb hide_bg_image_on_mobile=\u00a0\u00bb\u00a0\u00bb css=\u00a0\u00bb.vc_custom_1527690597112{background-color: #f7f8f9 !important;}\u00a0\u00bb][vc_column icons_position=\u00a0\u00bbleft\u00a0\u00bb][vc_column_text] 1. \u00c9diteur et Responsable de la publication Internet Le site www.actuel-canin.com est la propri\u00e9t\u00e9 du \u00ab\u00a0Salon de Toilettage Actuel Canin\u00a0\u00bb\u00a0 dont le si\u00e8ge social est situ\u00e9 au 306 Av. de la Libert\u00e9 \u00e0 Buxerolles 86180. Le Responsable de la publication Internet est Mme Audrey Archambault. 2. H\u00e9bergement Le [&hellip;]\" \/>\n<meta property=\"og:url\" content=\"https:\/\/www.actuel-canin.com\/x\/mentions-legales\/\" \/>\n<meta property=\"og:site_name\" content=\"Actuel Canin\" \/>\n<meta property=\"article:modified_time\" content=\"2020-05-15T05:06:57+00:00\" \/>\n<meta property=\"og:image\" content=\"https:\/\/www.actuel-canin.com\/x\/wp-content\/uploads\/2020\/05\/logo-sur-fond-caractere-noir.png\" \/>\n\t<meta property=\"og:image:width\" content=\"460\" \/>\n\t<meta property=\"og:image:height\" content=\"118\" \/>\n\t<meta property=\"og:image:type\" content=\"image\/png\" \/>\n<meta name=\"twitter:card\" content=\"summary_large_image\" \/>\n<meta name=\"twitter:label1\" content=\"Dur\u00e9e de lecture estim\u00e9e\" \/>\n\t<meta name=\"twitter:data1\" content=\"4 minutes\" \/>\n<script type=\"application\/ld+json\" class=\"yoast-schema-graph\">{\"@context\":\"https:\\\/\\\/schema.org\",\"@graph\":[{\"@type\":\"WebPage\",\"@id\":\"https:\\\/\\\/www.actuel-canin.com\\\/x\\\/mentions-legales\\\/\",\"url\":\"https:\\\/\\\/www.actuel-canin.com\\\/x\\\/mentions-legales\\\/\",\"name\":\"Mentions l\u00e9gales - Actuel Canin\",\"isPartOf\":{\"@id\":\"https:\\\/\\\/www.actuel-canin.com\\\/x\\\/#website\"},\"datePublished\":\"2020-05-02T21:38:28+00:00\",\"dateModified\":\"2020-05-15T05:06:57+00:00\",\"breadcrumb\":{\"@id\":\"https:\\\/\\\/www.actuel-canin.com\\\/x\\\/mentions-legales\\\/#breadcrumb\"},\"inLanguage\":\"fr-FR\",\"potentialAction\":[{\"@type\":\"ReadAction\",\"target\":[\"https:\\\/\\\/www.actuel-canin.com\\\/x\\\/mentions-legales\\\/\"]}]},{\"@type\":\"BreadcrumbList\",\"@id\":\"https:\\\/\\\/www.actuel-canin.com\\\/x\\\/mentions-legales\\\/#breadcrumb\",\"itemListElement\":[{\"@type\":\"ListItem\",\"position\":1,\"name\":\"Accueil\",\"item\":\"https:\\\/\\\/www.actuel-canin.com\\\/x\\\/\"},{\"@type\":\"ListItem\",\"position\":2,\"name\":\"Mentions l\u00e9gales\"}]},{\"@type\":\"WebSite\",\"@id\":\"https:\\\/\\\/www.actuel-canin.com\\\/x\\\/#website\",\"url\":\"https:\\\/\\\/www.actuel-canin.com\\\/x\\\/\",\"name\":\"Actuel Canin\",\"description\":\"Toilettage Chiens Chats\",\"publisher\":{\"@id\":\"https:\\\/\\\/www.actuel-canin.com\\\/x\\\/#organization\"},\"potentialAction\":[{\"@type\":\"SearchAction\",\"target\":{\"@type\":\"EntryPoint\",\"urlTemplate\":\"https:\\\/\\\/www.actuel-canin.com\\\/x\\\/?s={search_term_string}\"},\"query-input\":{\"@type\":\"PropertyValueSpecification\",\"valueRequired\":true,\"valueName\":\"search_term_string\"}}],\"inLanguage\":\"fr-FR\"},{\"@type\":\"Organization\",\"@id\":\"https:\\\/\\\/www.actuel-canin.com\\\/x\\\/#organization\",\"name\":\"Actuel Canin\",\"url\":\"https:\\\/\\\/www.actuel-canin.com\\\/x\\\/\",\"logo\":{\"@type\":\"ImageObject\",\"inLanguage\":\"fr-FR\",\"@id\":\"https:\\\/\\\/www.actuel-canin.com\\\/x\\\/#\\\/schema\\\/logo\\\/image\\\/\",\"url\":\"https:\\\/\\\/www.actuel-canin.com\\\/x\\\/wp-content\\\/uploads\\\/2020\\\/05\\\/logo-sur-fond-caractere-noir.png\",\"contentUrl\":\"https:\\\/\\\/www.actuel-canin.com\\\/x\\\/wp-content\\\/uploads\\\/2020\\\/05\\\/logo-sur-fond-caractere-noir.png\",\"width\":460,\"height\":118,\"caption\":\"Actuel Canin\"},\"image\":{\"@id\":\"https:\\\/\\\/www.actuel-canin.com\\\/x\\\/#\\\/schema\\\/logo\\\/image\\\/\"}}]}<\/script>\n<!-- \/ Yoast SEO plugin. -->","yoast_head_json":{"title":"Mentions l\u00e9gales - Actuel Canin","robots":{"index":"index","follow":"follow","max-snippet":"max-snippet:-1","max-image-preview":"max-image-preview:large","max-video-preview":"max-video-preview:-1"},"canonical":"https:\/\/www.actuel-canin.com\/x\/mentions-legales\/","og_locale":"fr_FR","og_type":"article","og_title":"Mentions l\u00e9gales - Actuel Canin","og_description":"[vc_row hide_bg_image_on_tablet=\u00a0\u00bb\u00a0\u00bb hide_bg_image_on_mobile=\u00a0\u00bb\u00a0\u00bb css=\u00a0\u00bb.vc_custom_1527690597112{background-color: #f7f8f9 !important;}\u00a0\u00bb][vc_column icons_position=\u00a0\u00bbleft\u00a0\u00bb][vc_column_text] 1. \u00c9diteur et Responsable de la publication Internet Le site www.actuel-canin.com est la propri\u00e9t\u00e9 du \u00ab\u00a0Salon de Toilettage Actuel Canin\u00a0\u00bb\u00a0 dont le si\u00e8ge social est situ\u00e9 au 306 Av. de la Libert\u00e9 \u00e0 Buxerolles 86180. Le Responsable de la publication Internet est Mme Audrey Archambault. 2. H\u00e9bergement Le [&hellip;]","og_url":"https:\/\/www.actuel-canin.com\/x\/mentions-legales\/","og_site_name":"Actuel Canin","article_modified_time":"2020-05-15T05:06:57+00:00","og_image":[{"width":460,"height":118,"url":"https:\/\/www.actuel-canin.com\/x\/wp-content\/uploads\/2020\/05\/logo-sur-fond-caractere-noir.png","type":"image\/png"}],"twitter_card":"summary_large_image","twitter_misc":{"Dur\u00e9e de lecture estim\u00e9e":"4 minutes"},"schema":{"@context":"https:\/\/schema.org","@graph":[{"@type":"WebPage","@id":"https:\/\/www.actuel-canin.com\/x\/mentions-legales\/","url":"https:\/\/www.actuel-canin.com\/x\/mentions-legales\/","name":"Mentions l\u00e9gales - Actuel Canin","isPartOf":{"@id":"https:\/\/www.actuel-canin.com\/x\/#website"},"datePublished":"2020-05-02T21:38:28+00:00","dateModified":"2020-05-15T05:06:57+00:00","breadcrumb":{"@id":"https:\/\/www.actuel-canin.com\/x\/mentions-legales\/#breadcrumb"},"inLanguage":"fr-FR","potentialAction":[{"@type":"ReadAction","target":["https:\/\/www.actuel-canin.com\/x\/mentions-legales\/"]}]},{"@type":"BreadcrumbList","@id":"https:\/\/www.actuel-canin.com\/x\/mentions-legales\/#breadcrumb","itemListElement":[{"@type":"ListItem","position":1,"name":"Accueil","item":"https:\/\/www.actuel-canin.com\/x\/"},{"@type":"ListItem","position":2,"name":"Mentions l\u00e9gales"}]},{"@type":"WebSite","@id":"https:\/\/www.actuel-canin.com\/x\/#website","url":"https:\/\/www.actuel-canin.com\/x\/","name":"Actuel Canin","description":"Toilettage Chiens Chats","publisher":{"@id":"https:\/\/www.actuel-canin.com\/x\/#organization"},"potentialAction":[{"@type":"SearchAction","target":{"@type":"EntryPoint","urlTemplate":"https:\/\/www.actuel-canin.com\/x\/?s={search_term_string}"},"query-input":{"@type":"PropertyValueSpecification","valueRequired":true,"valueName":"search_term_string"}}],"inLanguage":"fr-FR"},{"@type":"Organization","@id":"https:\/\/www.actuel-canin.com\/x\/#organization","name":"Actuel Canin","url":"https:\/\/www.actuel-canin.com\/x\/","logo":{"@type":"ImageObject","inLanguage":"fr-FR","@id":"https:\/\/www.actuel-canin.com\/x\/#\/schema\/logo\/image\/","url":"https:\/\/www.actuel-canin.com\/x\/wp-content\/uploads\/2020\/05\/logo-sur-fond-caractere-noir.png","contentUrl":"https:\/\/www.actuel-canin.com\/x\/wp-content\/uploads\/2020\/05\/logo-sur-fond-caractere-noir.png","width":460,"height":118,"caption":"Actuel Canin"},"image":{"@id":"https:\/\/www.actuel-canin.com\/x\/#\/schema\/logo\/image\/"}}]}},"_links":{"self":[{"href":"https:\/\/www.actuel-canin.com\/x\/wp-json\/wp\/v2\/pages\/794","targetHints":{"allow":["GET"]}}],"collection":[{"href":"https:\/\/www.actuel-canin.com\/x\/wp-json\/wp\/v2\/pages"}],"about":[{"href":"https:\/\/www.actuel-canin.com\/x\/wp-json\/wp\/v2\/types\/page"}],"author":[{"embeddable":true,"href":"https:\/\/www.actuel-canin.com\/x\/wp-json\/wp\/v2\/users\/1"}],"replies":[{"embeddable":true,"href":"https:\/\/www.actuel-canin.com\/x\/wp-json\/wp\/v2\/comments?post=794"}],"version-history":[{"count":10,"href":"https:\/\/www.actuel-canin.com\/x\/wp-json\/wp\/v2\/pages\/794\/revisions"}],"predecessor-version":[{"id":1214,"href":"https:\/\/www.actuel-canin.com\/x\/wp-json\/wp\/v2\/pages\/794\/revisions\/1214"}],"wp:attachment":[{"href":"https:\/\/www.actuel-canin.com\/x\/wp-json\/wp\/v2\/media?parent=794"}],"curies":[{"name":"wp","href":"https:\/\/api.w.org\/{rel}","templated":true}]}}