{"id":964,"date":"2020-03-08T16:30:36","date_gmt":"2020-03-08T15:30:36","guid":{"rendered":"https:\/\/www.actuel-canin.com\/x\/?page_id=964"},"modified":"2024-10-10T12:32:23","modified_gmt":"2024-10-10T10:32:23","slug":"photos-avant-apres","status":"publish","type":"page","link":"https:\/\/www.actuel-canin.com\/x\/photos-avant-apres\/","title":{"rendered":"Galerie photos"},"content":{"rendered":"<div class=\"wpb-content-wrapper\"><p>[vc_row][vc_column]<h2 class=\"sc_title sc_title_underline sc_align_center margin_top_small\" style=\"````text-align:center;\">Galeries photos<\/h2>[vc_separator][\/vc_column][\/vc_row][vc_row][vc_column scheme=\u00a0\u00bbactuelcanin\u00a0\u00bb][vc_media_grid style=\u00a0\u00bblazy\u00a0\u00bb items_per_page=\u00a0\u00bb27&Prime; gap=\u00a0\u00bb10&Prime; item=\u00a0\u00bbmasonryMedia_SlideTop\u00a0\u00bb css=\u00a0\u00bb\u00a0\u00bb initial_loading_animation=\u00a0\u00bbslideInDown\u00a0\u00bb grid_id=\u00a0\u00bbvc_gid:1728556270994-9d20fa3f1c604530a40cc383e6ad2e3e-10&Prime; include=\u00a0\u00bb3622,3623,3621,3627,3629,3628,3634,3632,3645,3638,3639,3637,3647,3646,3644,2958,2938,3650,2950,3643,3642,3641,2946,2940,2931,2960,2954&Prime;][vc_empty_space height=\u00a0\u00bb40px\u00a0\u00bb][\/vc_column][\/vc_row][vc_row full_width=\u00a0\u00bbstretch_row\u00a0\u00bb css=\u00a0\u00bb.vc_custom_1470666162376{background-image: url(https:\/\/www.actuel-canin.com\/x\/wp-content\/uploads\/2020\/05\/fond-temoignages.jpg?id=202) !important;background-position: center !important;background-repeat: no-repeat !important;background-size: cover !important;}\u00a0\u00bb][vc_column css=\u00a0\u00bb.vc_custom_1465478863764{margin-bottom: 1.5rem !important;}\u00a0\u00bb][vc_empty_space height=\u00a0\u00bb24px\u00a0\u00bb]<div class=\"sc_testimonials_wrap sc_section scheme_light\" style=\"\"><div class=\"sc_section_overlay\" style=\"\"><div class=\"sc_testimonials_inner_wrap\" style=\" width:671px;\"\"><div id=\"sc_testimonials_1856068839\" class=\"sc_testimonials sc_testimonials_style_testimonials-4  margin_top_large margin_bottom_large\" style=\"width:671px;\"><div class=\"sc_slider_swiper swiper-slider-container sc_slider_nopagination sc_slider_controls sc_slider_controls_side\" data-old-width=\"671\" data-interval=\"5000\" data-slides-min-width=\"250\"><div class=\"slides swiper-wrapper\"><div class=\"swiper-slide\" data-style=\"width:671px;\" style=\"width:671px;\">\t\t\t<div id=\"sc_testimonials_1856068839_1\" class=\"sc_testimonial_item\">\n\t\t\t\t\t\t\t\t\t<div class=\"sc_testimonial_author\"><span class=\"sc_testimonial_author_name\">Cyrielle Gui<\/span><\/div>\n\t\t\t\t\t\t\t\t<div class=\"sc_testimonial_content\"><p>Premi\u00e8re fois pour notre chat d'un an et demi. Un accueil chaleureux et tr\u00e8s rassurant pour les propri\u00e9taires, qui sont invit\u00e9s \u00e0 rester pour rassurer leur animal. Une toiletteuse attentionn\u00e9e, passionn\u00e9e par son m\u00e9tier et qui essaye d'apaiser le plus possible les animaux. Nous n'aurions pu esp\u00e9rer mieux !<\/p>\n<\/div>\n\t\t\t\t\t\t\t\t<div class=\"sc_testimonial_avatar\"><img loading=\"lazy\" decoding=\"async\" class=\"wp-post-image\" width=\"125\" height=\"125\" alt=\"Cyrielle Gui\" src=\"https:\/\/www.actuel-canin.com\/x\/wp-content\/uploads\/2019\/10\/temoignage-client-02-125x125.jpg\"><\/div>\n\t\t\t\t\t\t\t<\/div>\n\t\t<\/div><div class=\"swiper-slide\" data-style=\"width:671px;\" style=\"width:671px;\">\t\t\t<div id=\"sc_testimonials_1856068839_2\" class=\"sc_testimonial_item\">\n\t\t\t\t\t\t\t\t\t<div class=\"sc_testimonial_author\"><span class=\"sc_testimonial_author_name\">Laura<\/span><\/div>\n\t\t\t\t\t\t\t\t<div class=\"sc_testimonial_content\"><p>Personne tr\u00e8s gentille, douce et agr\u00e9able. Je suis tr\u00e8s contente du r\u00e9sultat pour avoir amen\u00e9 mon chien la premi\u00e8re fois dans son salon. J'ai \u00e9t\u00e9 d\u00e9\u00e7u la premi\u00e8re fois qu'il a \u00e9t\u00e9 toilett\u00e9 dans un autre salon mais la \u00e7a n'a rien \u00e0 voir c'est top. Je recommande.<\/p>\n<\/div>\n\t\t\t\t\t\t\t\t<div class=\"sc_testimonial_avatar\"><img loading=\"lazy\" decoding=\"async\" class=\"wp-post-image\" width=\"125\" height=\"125\" alt=\"Laura\" src=\"https:\/\/www.actuel-canin.com\/x\/wp-content\/uploads\/2019\/10\/temoignage-client-02-125x125.jpg\"><\/div>\n\t\t\t\t\t\t\t<\/div>\n\t\t<\/div><div class=\"swiper-slide\" data-style=\"width:671px;\" style=\"width:671px;\">\t\t\t<div id=\"sc_testimonials_1856068839_3\" class=\"sc_testimonial_item\">\n\t\t\t\t\t\t\t\t\t<div class=\"sc_testimonial_author\"><span class=\"sc_testimonial_author_name\">Paul Moreau<\/span><\/div>\n\t\t\t\t\t\t\t\t<div class=\"sc_testimonial_content\"><p>Nous emmenons r\u00e9guli\u00e8rement notre chienne Lilas se faire toiletter. Nous sommes toujours ravis du professionnalisme de Audrey, elle sera vous accueillir et vous conseiller avec gentillesse. Alors n\u2019h\u00e9sitez surtout pas je vous recommande ce salon les yeux ferm\u00e9s !<\/p>\n<\/div>\n\t\t\t\t\t\t\t\t<div class=\"sc_testimonial_avatar\"><img loading=\"lazy\" decoding=\"async\" class=\"wp-post-image\" width=\"125\" height=\"125\" alt=\"Paul Moreau\" src=\"https:\/\/www.actuel-canin.com\/x\/wp-content\/uploads\/2019\/10\/temoignage-client-02-125x125.jpg\"><\/div>\n\t\t\t\t\t\t\t<\/div>\n\t\t<\/div><div class=\"swiper-slide\" data-style=\"width:671px;\" style=\"width:671px;\">\t\t\t<div id=\"sc_testimonials_1856068839_4\" class=\"sc_testimonial_item\">\n\t\t\t\t\t\t\t\t\t<div class=\"sc_testimonial_author\"><span class=\"sc_testimonial_author_name\">Nathalie Marchand<\/span><\/div>\n\t\t\t\t\t\t\t\t<div class=\"sc_testimonial_content\"><p>Personne tr\u00e8s agr\u00e9able et tr\u00e8s gentille avec les animaux, \u00e0 l'\u00e9coute de vos attentes. Je recommande.<\/p>\n<\/div>\n\t\t\t\t\t\t\t\t<div class=\"sc_testimonial_avatar\"><img loading=\"lazy\" decoding=\"async\" class=\"wp-post-image\" width=\"125\" height=\"125\" alt=\"Nathalie Marchand\" src=\"https:\/\/www.actuel-canin.com\/x\/wp-content\/uploads\/2019\/10\/temoignage-client-02-125x125.jpg\"><\/div>\n\t\t\t\t\t\t\t<\/div>\n\t\t<\/div><div class=\"swiper-slide\" data-style=\"width:671px;\" style=\"width:671px;\">\t\t\t<div id=\"sc_testimonials_1856068839_5\" class=\"sc_testimonial_item\">\n\t\t\t\t\t\t\t\t\t<div class=\"sc_testimonial_author\"><span class=\"sc_testimonial_author_name\">Murielle Payet<\/span><\/div>\n\t\t\t\t\t\t\t\t<div class=\"sc_testimonial_content\"><p>Tina est ressorti de sa toilette heureuse, tr\u00e8s bonne adresse.<\/p>\n<\/div>\n\t\t\t\t\t\t\t\t<div class=\"sc_testimonial_avatar\"><img loading=\"lazy\" decoding=\"async\" class=\"wp-post-image\" width=\"125\" height=\"125\" alt=\"Murielle Payet\" src=\"https:\/\/www.actuel-canin.com\/x\/wp-content\/uploads\/2019\/10\/temoignage-client-02-125x125.jpg\"><\/div>\n\t\t\t\t\t\t\t<\/div>\n\t\t<\/div><\/div><div class=\"sc_slider_controls_wrap\"><a class=\"sc_slider_prev\" href=\"#\"><\/a><a class=\"sc_slider_next\" href=\"#\"><\/a><\/div><div class=\"sc_slider_pagination_wrap\"><\/div><\/div><\/div><\/div><\/div><\/div>[\/vc_column][\/vc_row]<\/p>\n<\/div>","protected":false},"excerpt":{"rendered":"<p>[vc_row][vc_column][vc_separator][\/vc_column][\/vc_row][vc_row][vc_column scheme=\u00a0\u00bbactuelcanin\u00a0\u00bb][vc_media_grid style=\u00a0\u00bblazy\u00a0\u00bb items_per_page=\u00a0\u00bb27&Prime; gap=\u00a0\u00bb10&Prime; item=\u00a0\u00bbmasonryMedia_SlideTop\u00a0\u00bb css=\u00a0\u00bb\u00a0\u00bb initial_loading_animation=\u00a0\u00bbslideInDown\u00a0\u00bb grid_id=\u00a0\u00bbvc_gid:1728556270994-9d20fa3f1c604530a40cc383e6ad2e3e-10&Prime; include=\u00a0\u00bb3622,3623,3621,3627,3629,3628,3634,3632,3645,3638,3639,3637,3647,3646,3644,2958,2938,3650,2950,3643,3642,3641,2946,2940,2931,2960,2954&Prime;][vc_empty_space height=\u00a0\u00bb40px\u00a0\u00bb][\/vc_column][\/vc_row][vc_row full_width=\u00a0\u00bbstretch_row\u00a0\u00bb css=\u00a0\u00bb.vc_custom_1470666162376{background-image: url(https:\/\/www.actuel-canin.com\/x\/wp-content\/uploads\/2020\/05\/fond-temoignages.jpg?id=202) !important;background-position: center !important;background-repeat: no-repeat !important;background-size: cover !important;}\u00a0\u00bb][vc_column css=\u00a0\u00bb.vc_custom_1465478863764{margin-bottom: 1.5rem !important;}\u00a0\u00bb][vc_empty_space height=\u00a0\u00bb24px\u00a0\u00bb][\/vc_column][\/vc_row]<\/p>\n","protected":false},"author":1,"featured_media":0,"parent":0,"menu_order":0,"comment_status":"closed","ping_status":"closed","template":"","meta":{"footnotes":""},"class_list":["post-964","page","type-page","status-publish","hentry"],"yoast_head":"<!-- This site is optimized with the Yoast SEO plugin v27.3 - https:\/\/yoast.com\/product\/yoast-seo-wordpress\/ -->\n<title>Galerie photos - Actuel Canin<\/title>\n<meta name=\"robots\" content=\"index, follow, max-snippet:-1, max-image-preview:large, max-video-preview:-1\" \/>\n<link rel=\"canonical\" href=\"https:\/\/www.actuel-canin.com\/x\/photos-avant-apres\/\" \/>\n<meta property=\"og:locale\" content=\"fr_FR\" \/>\n<meta property=\"og:type\" content=\"article\" \/>\n<meta property=\"og:title\" content=\"Galerie photos - Actuel Canin\" \/>\n<meta property=\"og:description\" content=\"[vc_row][vc_column][vc_separator][\/vc_column][\/vc_row][vc_row][vc_column scheme=\u00a0\u00bbactuelcanin\u00a0\u00bb][vc_media_grid style=\u00a0\u00bblazy\u00a0\u00bb items_per_page=\u00a0\u00bb27&Prime; gap=\u00a0\u00bb10&Prime; item=\u00a0\u00bbmasonryMedia_SlideTop\u00a0\u00bb css=\u00a0\u00bb\u00a0\u00bb initial_loading_animation=\u00a0\u00bbslideInDown\u00a0\u00bb grid_id=\u00a0\u00bbvc_gid:1728556270994-9d20fa3f1c604530a40cc383e6ad2e3e-10&Prime; include=\u00a0\u00bb3622,3623,3621,3627,3629,3628,3634,3632,3645,3638,3639,3637,3647,3646,3644,2958,2938,3650,2950,3643,3642,3641,2946,2940,2931,2960,2954&Prime;][vc_empty_space height=\u00a0\u00bb40px\u00a0\u00bb][\/vc_column][\/vc_row][vc_row full_width=\u00a0\u00bbstretch_row\u00a0\u00bb css=\u00a0\u00bb.vc_custom_1470666162376{background-image: url(https:\/\/www.actuel-canin.com\/x\/wp-content\/uploads\/2020\/05\/fond-temoignages.jpg?id=202) !important;background-position: center !important;background-repeat: no-repeat !important;background-size: cover !important;}\u00a0\u00bb][vc_column css=\u00a0\u00bb.vc_custom_1465478863764{margin-bottom: 1.5rem !important;}\u00a0\u00bb][vc_empty_space height=\u00a0\u00bb24px\u00a0\u00bb][\/vc_column][\/vc_row]\" \/>\n<meta property=\"og:url\" content=\"https:\/\/www.actuel-canin.com\/x\/photos-avant-apres\/\" \/>\n<meta property=\"og:site_name\" content=\"Actuel Canin\" \/>\n<meta property=\"article:modified_time\" content=\"2024-10-10T10:32:23+00:00\" \/>\n<meta property=\"og:image\" content=\"https:\/\/www.actuel-canin.com\/x\/wp-content\/uploads\/2020\/05\/logo-sur-fond-caractere-noir.png\" \/>\n\t<meta property=\"og:image:width\" content=\"460\" \/>\n\t<meta property=\"og:image:height\" content=\"118\" \/>\n\t<meta property=\"og:image:type\" content=\"image\/png\" \/>\n<meta name=\"twitter:card\" content=\"summary_large_image\" \/>\n<meta name=\"twitter:label1\" content=\"Dur\u00e9e de lecture estim\u00e9e\" \/>\n\t<meta name=\"twitter:data1\" content=\"1 minute\" \/>\n<script type=\"application\/ld+json\" class=\"yoast-schema-graph\">{\"@context\":\"https:\\\/\\\/schema.org\",\"@graph\":[{\"@type\":\"WebPage\",\"@id\":\"https:\\\/\\\/www.actuel-canin.com\\\/x\\\/photos-avant-apres\\\/\",\"url\":\"https:\\\/\\\/www.actuel-canin.com\\\/x\\\/photos-avant-apres\\\/\",\"name\":\"Galerie photos - Actuel Canin\",\"isPartOf\":{\"@id\":\"https:\\\/\\\/www.actuel-canin.com\\\/x\\\/#website\"},\"datePublished\":\"2020-03-08T15:30:36+00:00\",\"dateModified\":\"2024-10-10T10:32:23+00:00\",\"breadcrumb\":{\"@id\":\"https:\\\/\\\/www.actuel-canin.com\\\/x\\\/photos-avant-apres\\\/#breadcrumb\"},\"inLanguage\":\"fr-FR\",\"potentialAction\":[{\"@type\":\"ReadAction\",\"target\":[\"https:\\\/\\\/www.actuel-canin.com\\\/x\\\/photos-avant-apres\\\/\"]}]},{\"@type\":\"BreadcrumbList\",\"@id\":\"https:\\\/\\\/www.actuel-canin.com\\\/x\\\/photos-avant-apres\\\/#breadcrumb\",\"itemListElement\":[{\"@type\":\"ListItem\",\"position\":1,\"name\":\"Accueil\",\"item\":\"https:\\\/\\\/www.actuel-canin.com\\\/x\\\/\"},{\"@type\":\"ListItem\",\"position\":2,\"name\":\"Galerie photos\"}]},{\"@type\":\"WebSite\",\"@id\":\"https:\\\/\\\/www.actuel-canin.com\\\/x\\\/#website\",\"url\":\"https:\\\/\\\/www.actuel-canin.com\\\/x\\\/\",\"name\":\"Actuel Canin\",\"description\":\"Toilettage Chiens Chats\",\"publisher\":{\"@id\":\"https:\\\/\\\/www.actuel-canin.com\\\/x\\\/#organization\"},\"potentialAction\":[{\"@type\":\"SearchAction\",\"target\":{\"@type\":\"EntryPoint\",\"urlTemplate\":\"https:\\\/\\\/www.actuel-canin.com\\\/x\\\/?s={search_term_string}\"},\"query-input\":{\"@type\":\"PropertyValueSpecification\",\"valueRequired\":true,\"valueName\":\"search_term_string\"}}],\"inLanguage\":\"fr-FR\"},{\"@type\":\"Organization\",\"@id\":\"https:\\\/\\\/www.actuel-canin.com\\\/x\\\/#organization\",\"name\":\"Actuel Canin\",\"url\":\"https:\\\/\\\/www.actuel-canin.com\\\/x\\\/\",\"logo\":{\"@type\":\"ImageObject\",\"inLanguage\":\"fr-FR\",\"@id\":\"https:\\\/\\\/www.actuel-canin.com\\\/x\\\/#\\\/schema\\\/logo\\\/image\\\/\",\"url\":\"https:\\\/\\\/www.actuel-canin.com\\\/x\\\/wp-content\\\/uploads\\\/2020\\\/05\\\/logo-sur-fond-caractere-noir.png\",\"contentUrl\":\"https:\\\/\\\/www.actuel-canin.com\\\/x\\\/wp-content\\\/uploads\\\/2020\\\/05\\\/logo-sur-fond-caractere-noir.png\",\"width\":460,\"height\":118,\"caption\":\"Actuel Canin\"},\"image\":{\"@id\":\"https:\\\/\\\/www.actuel-canin.com\\\/x\\\/#\\\/schema\\\/logo\\\/image\\\/\"}}]}<\/script>\n<!-- \/ Yoast SEO plugin. -->","yoast_head_json":{"title":"Galerie photos - Actuel Canin","robots":{"index":"index","follow":"follow","max-snippet":"max-snippet:-1","max-image-preview":"max-image-preview:large","max-video-preview":"max-video-preview:-1"},"canonical":"https:\/\/www.actuel-canin.com\/x\/photos-avant-apres\/","og_locale":"fr_FR","og_type":"article","og_title":"Galerie photos - Actuel Canin","og_description":"[vc_row][vc_column][vc_separator][\/vc_column][\/vc_row][vc_row][vc_column scheme=\u00a0\u00bbactuelcanin\u00a0\u00bb][vc_media_grid style=\u00a0\u00bblazy\u00a0\u00bb items_per_page=\u00a0\u00bb27&Prime; gap=\u00a0\u00bb10&Prime; item=\u00a0\u00bbmasonryMedia_SlideTop\u00a0\u00bb css=\u00a0\u00bb\u00a0\u00bb initial_loading_animation=\u00a0\u00bbslideInDown\u00a0\u00bb grid_id=\u00a0\u00bbvc_gid:1728556270994-9d20fa3f1c604530a40cc383e6ad2e3e-10&Prime; include=\u00a0\u00bb3622,3623,3621,3627,3629,3628,3634,3632,3645,3638,3639,3637,3647,3646,3644,2958,2938,3650,2950,3643,3642,3641,2946,2940,2931,2960,2954&Prime;][vc_empty_space height=\u00a0\u00bb40px\u00a0\u00bb][\/vc_column][\/vc_row][vc_row full_width=\u00a0\u00bbstretch_row\u00a0\u00bb css=\u00a0\u00bb.vc_custom_1470666162376{background-image: url(https:\/\/www.actuel-canin.com\/x\/wp-content\/uploads\/2020\/05\/fond-temoignages.jpg?id=202) !important;background-position: center !important;background-repeat: no-repeat !important;background-size: cover !important;}\u00a0\u00bb][vc_column css=\u00a0\u00bb.vc_custom_1465478863764{margin-bottom: 1.5rem !important;}\u00a0\u00bb][vc_empty_space height=\u00a0\u00bb24px\u00a0\u00bb][\/vc_column][\/vc_row]","og_url":"https:\/\/www.actuel-canin.com\/x\/photos-avant-apres\/","og_site_name":"Actuel Canin","article_modified_time":"2024-10-10T10:32:23+00:00","og_image":[{"width":460,"height":118,"url":"https:\/\/www.actuel-canin.com\/x\/wp-content\/uploads\/2020\/05\/logo-sur-fond-caractere-noir.png","type":"image\/png"}],"twitter_card":"summary_large_image","twitter_misc":{"Dur\u00e9e de lecture estim\u00e9e":"1 minute"},"schema":{"@context":"https:\/\/schema.org","@graph":[{"@type":"WebPage","@id":"https:\/\/www.actuel-canin.com\/x\/photos-avant-apres\/","url":"https:\/\/www.actuel-canin.com\/x\/photos-avant-apres\/","name":"Galerie photos - Actuel Canin","isPartOf":{"@id":"https:\/\/www.actuel-canin.com\/x\/#website"},"datePublished":"2020-03-08T15:30:36+00:00","dateModified":"2024-10-10T10:32:23+00:00","breadcrumb":{"@id":"https:\/\/www.actuel-canin.com\/x\/photos-avant-apres\/#breadcrumb"},"inLanguage":"fr-FR","potentialAction":[{"@type":"ReadAction","target":["https:\/\/www.actuel-canin.com\/x\/photos-avant-apres\/"]}]},{"@type":"BreadcrumbList","@id":"https:\/\/www.actuel-canin.com\/x\/photos-avant-apres\/#breadcrumb","itemListElement":[{"@type":"ListItem","position":1,"name":"Accueil","item":"https:\/\/www.actuel-canin.com\/x\/"},{"@type":"ListItem","position":2,"name":"Galerie photos"}]},{"@type":"WebSite","@id":"https:\/\/www.actuel-canin.com\/x\/#website","url":"https:\/\/www.actuel-canin.com\/x\/","name":"Actuel Canin","description":"Toilettage Chiens Chats","publisher":{"@id":"https:\/\/www.actuel-canin.com\/x\/#organization"},"potentialAction":[{"@type":"SearchAction","target":{"@type":"EntryPoint","urlTemplate":"https:\/\/www.actuel-canin.com\/x\/?s={search_term_string}"},"query-input":{"@type":"PropertyValueSpecification","valueRequired":true,"valueName":"search_term_string"}}],"inLanguage":"fr-FR"},{"@type":"Organization","@id":"https:\/\/www.actuel-canin.com\/x\/#organization","name":"Actuel Canin","url":"https:\/\/www.actuel-canin.com\/x\/","logo":{"@type":"ImageObject","inLanguage":"fr-FR","@id":"https:\/\/www.actuel-canin.com\/x\/#\/schema\/logo\/image\/","url":"https:\/\/www.actuel-canin.com\/x\/wp-content\/uploads\/2020\/05\/logo-sur-fond-caractere-noir.png","contentUrl":"https:\/\/www.actuel-canin.com\/x\/wp-content\/uploads\/2020\/05\/logo-sur-fond-caractere-noir.png","width":460,"height":118,"caption":"Actuel Canin"},"image":{"@id":"https:\/\/www.actuel-canin.com\/x\/#\/schema\/logo\/image\/"}}]}},"_links":{"self":[{"href":"https:\/\/www.actuel-canin.com\/x\/wp-json\/wp\/v2\/pages\/964","targetHints":{"allow":["GET"]}}],"collection":[{"href":"https:\/\/www.actuel-canin.com\/x\/wp-json\/wp\/v2\/pages"}],"about":[{"href":"https:\/\/www.actuel-canin.com\/x\/wp-json\/wp\/v2\/types\/page"}],"author":[{"embeddable":true,"href":"https:\/\/www.actuel-canin.com\/x\/wp-json\/wp\/v2\/users\/1"}],"replies":[{"embeddable":true,"href":"https:\/\/www.actuel-canin.com\/x\/wp-json\/wp\/v2\/comments?post=964"}],"version-history":[{"count":77,"href":"https:\/\/www.actuel-canin.com\/x\/wp-json\/wp\/v2\/pages\/964\/revisions"}],"predecessor-version":[{"id":3653,"href":"https:\/\/www.actuel-canin.com\/x\/wp-json\/wp\/v2\/pages\/964\/revisions\/3653"}],"wp:attachment":[{"href":"https:\/\/www.actuel-canin.com\/x\/wp-json\/wp\/v2\/media?parent=964"}],"curies":[{"name":"wp","href":"https:\/\/api.w.org\/{rel}","templated":true}]}}